{"id":1520,"date":"2021-06-25T15:34:56","date_gmt":"2021-06-25T13:34:56","guid":{"rendered":"http:\/\/dev.mrsdivi.com\/?page_id=1520"},"modified":"2021-11-04T20:58:23","modified_gmt":"2021-11-04T19:58:23","slug":"rady-ohledne-titulkovani","status":"publish","type":"page","link":"http:\/\/dev.mrsdivi.com\/en\/rady-ohledne-titulkovani\/","title":{"rendered":"Rady ohledn\u011b titulkov\u00e1n\u00ed"},"content":{"rendered":"<p>[et_pb_section fb_built=&#8221;1&#8243; admin_label=&#8221;section&#8221; _builder_version=&#8221;4.10.5&#8243; background_color=&#8221;#2C3E50&#8243; box_shadow_style=&#8221;preset2&#8243; global_colors_info=&#8221;{}&#8221;][et_pb_row admin_label=&#8221;row&#8221; _builder_version=&#8221;3.25&#8243; global_colors_info=&#8221;{}&#8221;][et_pb_column type=&#8221;4_4&#8243; _builder_version=&#8221;3.25&#8243; custom_padding=&#8221;|20px|||false|false&#8221; custom_padding_tablet=&#8221;|0px|||false|false&#8221; custom_padding_phone=&#8221;&#8221; custom_padding_last_edited=&#8221;on|tablet&#8221; border_width_right=&#8221;2px&#8221; border_color_right=&#8221;#2C3E50&#8243; border_width_all_tablet=&#8221;&#8221; border_width_all_phone=&#8221;&#8221; border_width_all_last_edited=&#8221;on|tablet&#8221; border_width_right_tablet=&#8221;0px&#8221; border_width_right_phone=&#8221;&#8221; border_width_right_last_edited=&#8221;on|tablet&#8221; global_colors_info=&#8221;{}&#8221; custom_padding__hover=&#8221;|||&#8221;][et_pb_text admin_label=&#8221;Text&#8221; _builder_version=&#8221;4.9.7&#8243; _dynamic_attributes=&#8221;content&#8221; header_text_color=&#8221;#FFFFFF&#8221; background_size=&#8221;initial&#8221; background_position=&#8221;top_left&#8221; background_repeat=&#8221;repeat&#8221; custom_margin=&#8221;||0px||false|false&#8221; custom_padding=&#8221;||0px||false|false&#8221; global_colors_info=&#8221;{}&#8221;]@ET-DC@eyJkeW5hbWljIjp0cnVlLCJjb250ZW50IjoicG9zdF90aXRsZSIsInNldHRpbmdzIjp7ImJlZm9yZSI6IjxoMT4iLCJhZnRlciI6IjwvaDE+In19@[\/et_pb_text][et_pb_text _builder_version=&#8221;4.9.7&#8243; _module_preset=&#8221;default&#8221; text_text_color=&#8221;#FFFFFF&#8221; link_text_color=&#8221;rgba(255,255,255,0.61)&#8221; custom_margin=&#8221;0px||||false|false&#8221; custom_padding=&#8221;0px||||false|false&#8221; global_module=&#8221;1281&#8243; saved_tabs=&#8221;all&#8221; global_colors_info=&#8221;{}&#8221;]<\/p>\n<p>[seopress_breadcrumbs]<\/p>\n<p>[\/et_pb_text][\/et_pb_column][\/et_pb_row][\/et_pb_section][et_pb_section fb_built=&#8221;1&#8243; admin_label=&#8221;FAQ&#8221; _builder_version=&#8221;4.10.5&#8243; custom_padding=&#8221;||0px|||&#8221; global_colors_info=&#8221;{}&#8221;][et_pb_row _builder_version=&#8221;3.25&#8243; custom_padding=&#8221;27px|0px|27px|0px|false|false&#8221; global_colors_info=&#8221;{}&#8221;][et_pb_column type=&#8221;4_4&#8243; _builder_version=&#8221;3.25&#8243; custom_padding=&#8221;|||&#8221; global_colors_info=&#8221;{}&#8221; custom_padding__hover=&#8221;|||&#8221;][et_pb_text _builder_version=&#8221;4.10.4&#8243; _module_preset=&#8221;default&#8221; text_orientation=&#8221;center&#8221; custom_padding=&#8221;20px|20px|20px|20px|true|true&#8221; border_width_all=&#8221;1px&#8221; border_color_all=&#8221;#C1272D&#8221; global_colors_info=&#8221;{}&#8221;]<\/p>\n<p><span style=\"font-weight: 400;\">Pracovn\u00ed skupina JTP a P\u0159ekladatel\u016f Severu pro audiovizu\u00e1ln\u00ed p\u0159eklad p\u0159ipravila &gt;&gt;n\u00e1vrh \u010desk\u00fdch z\u00e1sad titulkov\u00e1n\u00ed&lt;&lt;. K diskusi te\u010f zveme dal\u0161\u00ed akt\u00e9ry, kte\u0159\u00ed se tvorbou titulk\u016f zab\u00fdvaj\u00ed. Pat\u0159\u00edte-li k nim, budeme r\u00e1di, kdy\u017e n\u00e1m po\u0161lete sv\u00e9 n\u00e1m\u011bty a p\u0159ipom\u00ednky k dokumentu na adresu <\/span><span style=\"font-weight: 400;\">JTP@JTPunion.org<\/span><span style=\"font-weight: 400;\">. V p\u0159edm\u011btu zpr\u00e1vy pros\u00edm uve\u010fte kl\u00ed\u010dov\u00e9 slovo <\/span><i><span style=\"font-weight: 400;\">StandardyAVT<\/span><\/i><span style=\"font-weight: 400;\"> (ps\u00e1no dohromady). O p\u0159ipom\u00ednk\u00e1ch budeme diskutovat a v\u011b\u0159\u00edme, \u017ee vznikne kone\u010dn\u00e1 verze dokumentu, kter\u00e1 se stane skute\u010dn\u00fdm oborov\u00fdm standardem.<\/span><\/p>\n<p>[\/et_pb_text][\/et_pb_column][\/et_pb_row][et_pb_row _builder_version=&#8221;4.12.0&#8243; _module_preset=&#8221;default&#8221; hover_enabled=&#8221;0&#8243; global_colors_info=&#8221;{}&#8221; sticky_enabled=&#8221;0&#8243; custom_padding=&#8221;31px|||||&#8221;][et_pb_column type=&#8221;4_4&#8243; _builder_version=&#8221;4.10.4&#8243; _module_preset=&#8221;default&#8221; global_colors_info=&#8221;{}&#8221;][et_pb_text _builder_version=&#8221;4.10.4&#8243; _module_preset=&#8221;default&#8221; global_colors_info=&#8221;{}&#8221;]<\/p>\n<h2>Co je c\u00edlem z\u00e1sad titulkov\u00e1n\u00ed?<\/h2>\n<h3>Spokojen\u00fd div\u00e1k<\/h3>\n<p>Hlavn\u00edm c\u00edlem je co nejvy\u0161\u0161\u00ed kvalita titulk\u016f pro div\u00e1ka. Titulky slou\u017e\u00ed p\u0159edev\u0161\u00edm jemu, ide\u00e1ln\u011b by ho p\u0159i sledov\u00e1n\u00ed filmu nem\u011bly ru\u0161it a m\u011bly by mu zajistit komfortn\u00ed z\u00e1\u017eitek. Titulky by m\u011bl pohodln\u011b p\u0159e\u010d\u00edst a m\u011bly by m\u00edt takovou podobu, na jakou je zvykl\u00fd.<\/p>\n<h3>Opora pro titulk\u00e1\u0159e<\/h3>\n<p>V oboru se pohybuje st\u00e1le v\u00edce p\u0159ekladatel\u016f bez zku\u0161enosti s titulkov\u00e1n\u00edm a bez bli\u017e\u0161\u00ed znalosti problematiky. P\u0159ehled hlavn\u00edch z\u00e1sad titulkov\u00e1n\u00ed jim umo\u017en\u00ed poskytnout kvalitn\u011bj\u0161\u00ed slu\u017ebu zejm\u00e9na tehdy, kdy\u017e od zadavatele nedostanou \u017e\u00e1dn\u00e9 pokyny a volba konkr\u00e9tn\u00edch parametr\u016f z\u016fstane na nich. Pokud se po\u017eadavky jednotliv\u00fdch zadavatel\u016f budou v z\u00e1kladn\u00edch bodech shodovat, titulk\u00e1\u0159 se vyvaruje mnoha chyb zp\u016fsoben\u00fdch nejednotn\u00fdmi pravidly.<\/p>\n<h3>Opora pro zadavatele<\/h3>\n<p>Zejm\u00e9na pokud se zadavatel na titulky nespecializuje, nebude muset vypracov\u00e1vat vlastn\u00ed redak\u010dn\u00ed pokyny a bude m\u00edt k dispozici podklad, kter\u00fd zajist\u00ed jednotnou podobu titulk\u016f dodan\u00fdch p\u0159ekladateli. Jestli\u017ee zadavatel vlastn\u00ed z\u00e1sady m\u00e1, m\u016f\u017ee zv\u00e1\u017eit \u00fapravu n\u011bkter\u00fdch pravidel v z\u00e1jmu lep\u0161\u00edho z\u00e1\u017eitku pro div\u00e1ky a bezprobl\u00e9mov\u00e9 spolupr\u00e1ce s titulk\u00e1\u0159i.<\/p>\n<h3>Z\u00e1sady titulkov\u00e1n\u00ed v jin\u00fdch zem\u00edch<\/h3>\n<p>Z podobn\u00fdch pohnutek postupn\u011b vznikaj\u00ed n\u00e1rodn\u00ed z\u00e1sady titulkov\u00e1n\u00ed postupn\u011b v jednotliv\u00fdch zem\u00edch Evropy i jinde ve sv\u011bt\u011b. Sv\u00e9 standardy u\u017e m\u00e1 nap\u0159\u00edklad <a href=\"https:\/\/undertekstning.dk\/\" target=\"_blank\" rel=\"noopener\">D\u00e1nsko<\/a>, Finsko (<a href=\"http:\/\/www.av-kaantajat.fi\/gallery\/laatusuositukset%20valmis.pdf\" target=\"_blank\" rel=\"noopener\">pro fin\u0161tinu<\/a>, <a href=\"http:\/\/www.av-kaantajat.fi\/gallery\/riktlinjer%20f%C3%B6r%20svensk%20undertextning%20i%20finland%20ei%20allek.pdf\" target=\"_blank\" rel=\"noopener\">pro \u0161v\u00e9d\u0161tinu<\/a>), <a href=\"http:\/\/dhap.hr\/Content\/documents\/SmjerniceZaKvalitetnoTitlanje.pdf\" target=\"_blank\" rel=\"noopener\">Chorvatsko<\/a>, <a href=\"https:\/\/filmuebersetzen.de\/kolleginnen\/standards.html\" target=\"_blank\" rel=\"noopener\">N\u011bmecko<\/a>, <a href=\"https:\/\/auteursbond.nl\/wp-content\/uploads\/2020\/01\/Modelrichtlijnen_Nederlandse_Ondertiteling.pdf\" target=\"_blank\" rel=\"noopener\">Nizozemsko<\/a>, <a href=\"https:\/\/www.navio.no\/om-bransjen\/retningslinjer\/\" target=\"_blank\" rel=\"noopener\">Norsko <\/a>nebo <a href=\"https:\/\/www.medietextarna.se\/riktlinjer\/\" target=\"_blank\" rel=\"noopener\">\u0160v\u00e9dsko<\/a>. Nejnov\u011bji se k t\u011bmto zem\u00edm p\u0159ipojilo <a href=\"http:\/\/www.dsftp.si\/p\/smerniceguidelines.html\" target=\"_blank\" rel=\"noopener\">Slovinsko<\/a>.<\/p>\n<p>[\/et_pb_text][\/et_pb_column][\/et_pb_row][\/et_pb_section][et_pb_section fb_built=&#8221;1&#8243; fullwidth=&#8221;on&#8221; _builder_version=&#8221;4.10.5&#8243; _module_preset=&#8221;default&#8221; global_colors_info=&#8221;{}&#8221;][et_pb_fullwidth_header button_one_text=&#8221;St\u00e1hnout (DOCX)&#8221; button_one_url=&#8221;http:\/\/dev.mrsdivi.com\/wp-content\/uploads\/2021\/08\/ZasadyTitulkovani_v1.docx&#8221; button_two_text=&#8221;St\u00e1hnout (PDF)&#8221; button_two_url=&#8221;http:\/\/dev.mrsdivi.com\/wp-content\/uploads\/2021\/08\/Zasady-tvorby-titulku-1.pdf&#8221; _builder_version=&#8221;4.10.5&#8243; _module_preset=&#8221;default&#8221; background_color=&#8221;#FFFFFF&#8221; custom_padding=&#8221;0px||40px||false|false&#8221; global_colors_info=&#8221;{}&#8221;][\/et_pb_fullwidth_header][\/et_pb_section]<\/p>\n","protected":false},"excerpt":{"rendered":"<p>[seopress_breadcrumbs] Pracovn\u00ed skupina JTP a P\u0159ekladatel\u016f Severu pro audiovizu\u00e1ln\u00ed p\u0159eklad p\u0159ipravila &gt;&gt;n\u00e1vrh \u010desk\u00fdch z\u00e1sad titulkov\u00e1n\u00ed&lt;&lt;. K diskusi te\u010f zveme dal\u0161\u00ed akt\u00e9ry, kte\u0159\u00ed se tvorbou titulk\u016f zab\u00fdvaj\u00ed. Pat\u0159\u00edte-li k nim, budeme r\u00e1di, kdy\u017e n\u00e1m po\u0161lete sv\u00e9 n\u00e1m\u011bty a p\u0159ipom\u00ednky k dokumentu na adresu JTP@JTPunion.org. V p\u0159edm\u011btu zpr\u00e1vy pros\u00edm uve\u010fte kl\u00ed\u010dov\u00e9 slovo StandardyAVT (ps\u00e1no dohromady). O p\u0159ipom\u00ednk\u00e1ch budeme diskutovat a v\u011b\u0159\u00edme, \u017ee vznikne kone\u010dn\u00e1 verze dokumentu, kter\u00e1 se stane skute\u010dn\u00fdm oborov\u00fdm standardem.Co je c\u00edlem z\u00e1sad titulkov\u00e1n\u00ed? Spokojen\u00fd div\u00e1k Hlavn\u00edm c\u00edlem je co nejvy\u0161\u0161\u00ed kvalita titulk\u016f pro div\u00e1ka. Titulky slou\u017e\u00ed p\u0159edev\u0161\u00edm jemu, ide\u00e1ln\u011b by ho p\u0159i sledov\u00e1n\u00ed filmu nem\u011bly ru\u0161it a m\u011bly by mu zajistit komfortn\u00ed z\u00e1\u017eitek. Titulky by m\u011bl pohodln\u011b p\u0159e\u010d\u00edst a m\u011bly by m\u00edt takovou podobu, na jakou je zvykl\u00fd. Opora pro titulk\u00e1\u0159e V oboru se pohybuje st\u00e1le v\u00edce p\u0159ekladatel\u016f bez zku\u0161enosti s titulkov\u00e1n\u00edm a bez bli\u017e\u0161\u00ed znalosti problematiky. P\u0159ehled hlavn\u00edch z\u00e1sad titulkov\u00e1n\u00ed jim umo\u017en\u00ed poskytnout kvalitn\u011bj\u0161\u00ed slu\u017ebu zejm\u00e9na tehdy, kdy\u017e od zadavatele nedostanou \u017e\u00e1dn\u00e9 pokyny a volba konkr\u00e9tn\u00edch parametr\u016f z\u016fstane na nich. Pokud se po\u017eadavky jednotliv\u00fdch zadavatel\u016f budou v z\u00e1kladn\u00edch bodech shodovat, titulk\u00e1\u0159 se vyvaruje mnoha chyb zp\u016fsoben\u00fdch nejednotn\u00fdmi pravidly. Opora pro zadavatele Zejm\u00e9na pokud se zadavatel na titulky nespecializuje, nebude muset vypracov\u00e1vat vlastn\u00ed redak\u010dn\u00ed pokyny a bude m\u00edt k [&hellip;]<\/p>\n","protected":false},"author":2,"featured_media":0,"parent":0,"menu_order":2425,"comment_status":"closed","ping_status":"closed","template":"","meta":{"_acf_changed":false,"_seopress_robots_primary_cat":"","_seopress_titles_title":"","_seopress_titles_desc":"","_seopress_robots_index":"","_et_pb_use_builder":"on","_et_pb_old_content":"<!-- wp:divi\/placeholder \/-->","_et_gb_content_width":"","footnotes":""},"class_list":["post-1520","page","type-page","status-publish","hentry"],"acf":[],"_links":{"self":[{"href":"http:\/\/dev.mrsdivi.com\/en\/wp-json\/wp\/v2\/pages\/1520"}],"collection":[{"href":"http:\/\/dev.mrsdivi.com\/en\/wp-json\/wp\/v2\/pages"}],"about":[{"href":"http:\/\/dev.mrsdivi.com\/en\/wp-json\/wp\/v2\/types\/page"}],"author":[{"embeddable":true,"href":"http:\/\/dev.mrsdivi.com\/en\/wp-json\/wp\/v2\/users\/2"}],"replies":[{"embeddable":true,"href":"http:\/\/dev.mrsdivi.com\/en\/wp-json\/wp\/v2\/comments?post=1520"}],"version-history":[{"count":5,"href":"http:\/\/dev.mrsdivi.com\/en\/wp-json\/wp\/v2\/pages\/1520\/revisions"}],"predecessor-version":[{"id":2991,"href":"http:\/\/dev.mrsdivi.com\/en\/wp-json\/wp\/v2\/pages\/1520\/revisions\/2991"}],"wp:attachment":[{"href":"http:\/\/dev.mrsdivi.com\/en\/wp-json\/wp\/v2\/media?parent=1520"}],"curies":[{"name":"wp","href":"https:\/\/api.w.org\/{rel}","templated":true}]}}