{"id":1553,"date":"2021-06-25T17:18:33","date_gmt":"2021-06-25T15:18:33","guid":{"rendered":"http:\/\/dev.mrsdivi.com\/?page_id=1553"},"modified":"2023-12-06T09:33:42","modified_gmt":"2023-12-06T08:33:42","slug":"casopis-top","status":"publish","type":"page","link":"http:\/\/dev.mrsdivi.com\/en\/casopis-top\/","title":{"rendered":"\u010casopis ToP"},"content":{"rendered":"<p>[et_pb_section fb_built=&#8221;1&#8243; admin_label=&#8221;section&#8221; _builder_version=&#8221;4.16&#8243; background_color=&#8221;#2C3E50&#8243; global_colors_info=&#8221;{}&#8221;][et_pb_row admin_label=&#8221;row&#8221; _builder_version=&#8221;4.16&#8243; global_colors_info=&#8221;{}&#8221;][et_pb_column type=&#8221;4_4&#8243; _builder_version=&#8221;4.16&#8243; custom_padding=&#8221;|20px|||false|false&#8221; custom_padding_tablet=&#8221;|0px|||false|false&#8221; custom_padding_phone=&#8221;&#8221; custom_padding_last_edited=&#8221;on|tablet&#8221; border_width_right=&#8221;2px&#8221; border_color_right=&#8221;#2C3E50&#8243; border_width_all_tablet=&#8221;&#8221; border_width_all_phone=&#8221;&#8221; border_width_all_last_edited=&#8221;on|tablet&#8221; border_width_right_tablet=&#8221;0px&#8221; border_width_right_phone=&#8221;&#8221; border_width_right_last_edited=&#8221;on|tablet&#8221; global_colors_info=&#8221;{}&#8221; custom_padding__hover=&#8221;|||&#8221;][et_pb_text admin_label=&#8221;Text&#8221; _builder_version=&#8221;4.16&#8243; _dynamic_attributes=&#8221;content&#8221; header_text_color=&#8221;#FFFFFF&#8221; background_size=&#8221;initial&#8221; background_position=&#8221;top_left&#8221; background_repeat=&#8221;repeat&#8221; custom_margin=&#8221;||0px||false|false&#8221; custom_padding=&#8221;||0px||false|false&#8221; global_colors_info=&#8221;{}&#8221;]@ET-DC@eyJkeW5hbWljIjp0cnVlLCJjb250ZW50IjoicG9zdF90aXRsZSIsInNldHRpbmdzIjp7ImJlZm9yZSI6IjxoMT4iLCJhZnRlciI6IjwvaDE+In19@[\/et_pb_text][et_pb_text _builder_version=&#8221;4.9.7&#8243; _module_preset=&#8221;default&#8221; text_text_color=&#8221;#FFFFFF&#8221; link_text_color=&#8221;rgba(255,255,255,0.61)&#8221; custom_margin=&#8221;0px||||false|false&#8221; custom_padding=&#8221;0px||||false|false&#8221; global_module=&#8221;1281&#8243; saved_tabs=&#8221;all&#8221; global_colors_info=&#8221;{}&#8221;]<\/p>\n<p>[seopress_breadcrumbs]<\/p>\n<p>[\/et_pb_text][\/et_pb_column][\/et_pb_row][\/et_pb_section][et_pb_section fb_built=&#8221;1&#8243; _builder_version=&#8221;4.16&#8243; _module_preset=&#8221;default&#8221; global_colors_info=&#8221;{}&#8221;][et_pb_row _builder_version=&#8221;4.18.0&#8243; _module_preset=&#8221;default&#8221; global_colors_info=&#8221;{}&#8221;][et_pb_column type=&#8221;4_4&#8243; _builder_version=&#8221;4.16&#8243; _module_preset=&#8221;default&#8221; global_colors_info=&#8221;{}&#8221;][et_pb_text _builder_version=&#8221;4.16&#8243; _module_preset=&#8221;default&#8221; custom_padding=&#8221;5px|||||&#8221; global_colors_info=&#8221;{}&#8221;]<\/p>\n<h2><span>\u010casopis ToP (tlumo\u010dn\u00ed-p\u0159eklad)<\/span><\/h2>\n<p>[\/et_pb_text][\/et_pb_column][\/et_pb_row][et_pb_row column_structure=&#8221;2_3,1_3&#8243; _builder_version=&#8221;4.16&#8243; _module_preset=&#8221;default&#8221; global_colors_info=&#8221;{}&#8221;][et_pb_column type=&#8221;2_3&#8243; _builder_version=&#8221;4.16&#8243; _module_preset=&#8221;default&#8221; global_colors_info=&#8221;{}&#8221;][et_pb_text _builder_version=&#8221;4.16&#8243; _module_preset=&#8221;default&#8221; custom_padding=&#8221;|||71px||&#8221; global_colors_info=&#8221;{}&#8221;]<\/p>\n<p><strong>\u010casopis ToP je od 1. ledna 2024 voln\u011b ke sta\u017een\u00ed a \u0161\u00ed\u0159en\u00ed. <\/strong><\/p>\n<p>[\/et_pb_text][\/et_pb_column][et_pb_column type=&#8221;1_3&#8243; _builder_version=&#8221;4.16&#8243; _module_preset=&#8221;default&#8221; global_colors_info=&#8221;{}&#8221;][\/et_pb_column][\/et_pb_row][\/et_pb_section][et_pb_section fb_built=&#8221;1&#8243; _builder_version=&#8221;4.23.1&#8243; _module_preset=&#8221;default&#8221; global_colors_info=&#8221;{}&#8221;][et_pb_row column_structure=&#8221;1_4,1_4,1_4,1_4&#8243; module_id=&#8221;2023&#8243; _builder_version=&#8221;4.23.1&#8243; _module_preset=&#8221;default&#8221; global_colors_info=&#8221;{}&#8221;][et_pb_column type=&#8221;1_4&#8243; _builder_version=&#8221;4.16&#8243; _module_preset=&#8221;default&#8221; global_colors_info=&#8221;{}&#8221;][et_pb_cta title=&#8221;Jaro 2023&#8243; button_url=&#8221;http:\/\/dev.mrsdivi.com\/wp-content\/uploads\/2023\/04\/ToP_-147_jaro_2023.pdf&#8221; url_new_window=&#8221;on&#8221; button_text=&#8221;st\u00e1hnout&#8221; admin_label=&#8221;ToP 139&#8243; _builder_version=&#8221;4.20.4&#8243; _module_preset=&#8221;default&#8221; header_font=&#8221;|600|||||||&#8221; use_background_color=&#8221;off&#8221; background_image=&#8221;http:\/\/dev.mrsdivi.com\/wp-content\/uploads\/2023\/04\/ToP_-147_jaro_2023-Obalka.jpg&#8221; background_layout=&#8221;light&#8221; min_height=&#8221;300px&#8221; custom_padding=&#8221;100px||||false|true&#8221; custom_css_promo_description=&#8221;background: rgba(255, 255, 255, 0.7);||width: 180px;||margin: auto;||padding-top:10px&#8221; custom_css_promo_button=&#8221;width: 180px;&#8221; box_shadow_style=&#8221;preset2&#8243; global_colors_info=&#8221;{}&#8221;]<\/p>\n<p>ToP 147<\/p>\n<p>[\/et_pb_cta][\/et_pb_column][et_pb_column type=&#8221;1_4&#8243; _builder_version=&#8221;4.16.0&#8243; _module_preset=&#8221;default&#8221; global_colors_info=&#8221;{}&#8221;][et_pb_cta title=&#8221;L\u00e9to 2023&#8243; button_url=&#8221;http:\/\/dev.mrsdivi.com\/wp-content\/uploads\/2023\/07\/ToP-148_leto_2023.pdf&#8221; url_new_window=&#8221;on&#8221; button_text=&#8221;st\u00e1hnout&#8221; admin_label=&#8221;ToP 139&#8243; _builder_version=&#8221;4.21.0&#8243; _module_preset=&#8221;default&#8221; header_font=&#8221;|600|||||||&#8221; use_background_color=&#8221;off&#8221; background_image=&#8221;http:\/\/dev.mrsdivi.com\/wp-content\/uploads\/2023\/07\/ToP-148-obalka-2.jpg&#8221; background_layout=&#8221;light&#8221; min_height=&#8221;300px&#8221; custom_padding=&#8221;100px||||false|true&#8221; custom_css_promo_description=&#8221;background: rgba(255, 255, 255, 0.7);||width: 180px;||margin: auto;||padding-top:10px&#8221; custom_css_promo_button=&#8221;width: 180px;&#8221; box_shadow_style=&#8221;preset2&#8243; global_colors_info=&#8221;{}&#8221;]<\/p>\n<p>ToP 148<\/p>\n<p>[\/et_pb_cta][\/et_pb_column][et_pb_column type=&#8221;1_4&#8243; _builder_version=&#8221;4.18.0&#8243; _module_preset=&#8221;default&#8221; global_colors_info=&#8221;{}&#8221;][et_pb_cta title=&#8221;Podzim 2023&#8243; button_url=&#8221;http:\/\/dev.mrsdivi.com\/wp-content\/uploads\/2023\/09\/ToP-149_podzim-2023.pdf&#8221; url_new_window=&#8221;on&#8221; button_text=&#8221;st\u00e1hnout&#8221; admin_label=&#8221;ToP 139&#8243; _builder_version=&#8221;4.23.1&#8243; _module_preset=&#8221;default&#8221; header_font=&#8221;|600|||||||&#8221; use_background_color=&#8221;off&#8221; background_image=&#8221;http:\/\/dev.mrsdivi.com\/wp-content\/uploads\/2023\/09\/ToP-149-obalka-mala.jpg&#8221; background_layout=&#8221;light&#8221; min_height=&#8221;300px&#8221; custom_padding=&#8221;100px||||false|true&#8221; hover_enabled=&#8221;0&#8243; custom_css_promo_description=&#8221;background: rgba(255, 255, 255, 0.7);||width: 180px;||margin: auto;||padding-top:10px&#8221; custom_css_promo_button=&#8221;width: 180px;&#8221; box_shadow_style=&#8221;preset2&#8243; global_colors_info=&#8221;{}&#8221; sticky_enabled=&#8221;0&#8243;]<\/p>\n<p>ToP 149<\/p>\n<p>[\/et_pb_cta][\/et_pb_column][et_pb_column type=&#8221;1_4&#8243; _builder_version=&#8221;4.16.0&#8243; _module_preset=&#8221;default&#8221; global_colors_info=&#8221;{}&#8221;][et_pb_cta title=&#8221;Zima 2023&#8243; button_url=&#8221;http:\/\/dev.mrsdivi.com\/wp-content\/uploads\/2023\/12\/ToP-150-zima-2023-2.pdf&#8221; url_new_window=&#8221;on&#8221; button_text=&#8221;st\u00e1hnout&#8221; admin_label=&#8221;ToP 139&#8243; _builder_version=&#8221;4.23.1&#8243; _module_preset=&#8221;default&#8221; header_font=&#8221;|600|||||||&#8221; use_background_color=&#8221;off&#8221; background_image=&#8221;http:\/\/dev.mrsdivi.com\/wp-content\/uploads\/2023\/12\/ToP-150-obalka-mala.jpg&#8221; background_layout=&#8221;light&#8221; min_height=&#8221;300px&#8221; custom_padding=&#8221;100px||||false|true&#8221; hover_enabled=&#8221;0&#8243; custom_css_promo_description=&#8221;background: rgba(255, 255, 255, 0.7);||width: 180px;||margin: auto;||padding-top:10px&#8221; custom_css_promo_button=&#8221;width: 180px;&#8221; box_shadow_style=&#8221;preset2&#8243; global_colors_info=&#8221;{}&#8221; sticky_enabled=&#8221;0&#8243; title_text=&#8221;ToP-150-obalka-mala&#8221;]<\/p>\n<p>ToP 150<\/p>\n<p>[\/et_pb_cta][\/et_pb_column][\/et_pb_row][et_pb_row column_structure=&#8221;1_4,1_4,1_4,1_4&#8243; module_id=&#8221;2022&#8243; _builder_version=&#8221;4.23.1&#8243; _module_preset=&#8221;default&#8221; global_colors_info=&#8221;{}&#8221;][et_pb_column type=&#8221;1_4&#8243; _builder_version=&#8221;4.16&#8243; _module_preset=&#8221;default&#8221; global_colors_info=&#8221;{}&#8221;][et_pb_cta title=&#8221;Jaro 2022&#8243; button_url=&#8221;http:\/\/dev.mrsdivi.com\/wp-content\/uploads\/2022\/04\/ToP-143-jaro-2022.pdf&#8221; url_new_window=&#8221;on&#8221; button_text=&#8221;st\u00e1hnout&#8221; admin_label=&#8221;ToP 139&#8243; _builder_version=&#8221;4.16.0&#8243; _module_preset=&#8221;default&#8221; header_font=&#8221;|600|||||||&#8221; use_background_color=&#8221;off&#8221; background_image=&#8221;http:\/\/dev.mrsdivi.com\/wp-content\/uploads\/2022\/04\/ToP-143-jaro-2022.png&#8221; background_layout=&#8221;light&#8221; min_height=&#8221;300px&#8221; custom_padding=&#8221;100px||||false|true&#8221; custom_css_promo_description=&#8221;background: rgba(255, 255, 255, 0.7);||width: 180px;||margin: auto;||padding-top:10px&#8221; custom_css_promo_button=&#8221;width: 180px;&#8221; box_shadow_style=&#8221;preset2&#8243; global_colors_info=&#8221;{}&#8221;]<\/p>\n<p>ToP 143<\/p>\n<p>[\/et_pb_cta][\/et_pb_column][et_pb_column type=&#8221;1_4&#8243; _builder_version=&#8221;4.16.0&#8243; _module_preset=&#8221;default&#8221; global_colors_info=&#8221;{}&#8221;][et_pb_cta title=&#8221;L\u00e9to 2022&#8243; button_url=&#8221;http:\/\/dev.mrsdivi.com\/wp-content\/uploads\/2022\/07\/ToP-144-leto-2022.pdf&#8221; url_new_window=&#8221;on&#8221; button_text=&#8221;st\u00e1hnout&#8221; admin_label=&#8221;ToP 139&#8243; _builder_version=&#8221;4.19.4&#8243; _module_preset=&#8221;default&#8221; header_font=&#8221;|600|||||||&#8221; use_background_color=&#8221;off&#8221; background_image=&#8221;http:\/\/dev.mrsdivi.com\/wp-content\/uploads\/2022\/07\/ToP-144-obalka.jpg&#8221; background_layout=&#8221;light&#8221; min_height=&#8221;300px&#8221; custom_padding=&#8221;100px||||false|true&#8221; custom_css_promo_description=&#8221;background: rgba(255, 255, 255, 0.7);||width: 180px;||margin: auto;||padding-top:10px&#8221; custom_css_promo_button=&#8221;width: 180px;&#8221; box_shadow_style=&#8221;preset2&#8243; global_colors_info=&#8221;{}&#8221;]<\/p>\n<p>ToP 144<\/p>\n<p>[\/et_pb_cta][\/et_pb_column][et_pb_column type=&#8221;1_4&#8243; _builder_version=&#8221;4.18.0&#8243; _module_preset=&#8221;default&#8221; global_colors_info=&#8221;{}&#8221;][et_pb_cta title=&#8221;Podzim 2022&#8243; button_url=&#8221;http:\/\/dev.mrsdivi.com\/wp-content\/uploads\/2022\/09\/ToP-145-podzim-2022.pdf&#8221; url_new_window=&#8221;on&#8221; button_text=&#8221;st\u00e1hnout&#8221; admin_label=&#8221;ToP 139&#8243; _builder_version=&#8221;4.18.0&#8243; _module_preset=&#8221;default&#8221; header_font=&#8221;|600|||||||&#8221; use_background_color=&#8221;off&#8221; background_image=&#8221;http:\/\/dev.mrsdivi.com\/wp-content\/uploads\/2022\/09\/ToP-145-obalka-6.jpg&#8221; background_layout=&#8221;light&#8221; min_height=&#8221;300px&#8221; custom_padding=&#8221;100px||||false|true&#8221; custom_css_promo_description=&#8221;background: rgba(255, 255, 255, 0.7);||width: 180px;||margin: auto;||padding-top:10px&#8221; custom_css_promo_button=&#8221;width: 180px;&#8221; box_shadow_style=&#8221;preset2&#8243; global_colors_info=&#8221;{}&#8221;]<\/p>\n<p>ToP 145<\/p>\n<p>[\/et_pb_cta][\/et_pb_column][et_pb_column type=&#8221;1_4&#8243; _builder_version=&#8221;4.16.0&#8243; _module_preset=&#8221;default&#8221; global_colors_info=&#8221;{}&#8221;][et_pb_cta title=&#8221;Zima 2022&#8243; button_url=&#8221;http:\/\/dev.mrsdivi.com\/wp-content\/uploads\/2022\/12\/ToP-146-zima-2022.pdf&#8221; url_new_window=&#8221;on&#8221; button_text=&#8221;st\u00e1hnout&#8221; admin_label=&#8221;ToP 139&#8243; _builder_version=&#8221;4.19.4&#8243; _module_preset=&#8221;default&#8221; header_font=&#8221;|600|||||||&#8221; use_background_color=&#8221;off&#8221; background_image=&#8221;http:\/\/dev.mrsdivi.com\/wp-content\/uploads\/2022\/12\/ToP-146-obalka.jpg&#8221; background_layout=&#8221;light&#8221; min_height=&#8221;300px&#8221; custom_padding=&#8221;100px||||false|true&#8221; custom_css_promo_description=&#8221;background: rgba(255, 255, 255, 0.7);||width: 180px;||margin: auto;||padding-top:10px&#8221; custom_css_promo_button=&#8221;width: 180px;&#8221; box_shadow_style=&#8221;preset2&#8243; global_colors_info=&#8221;{}&#8221;]<\/p>\n<p>ToP 146<\/p>\n<p>[\/et_pb_cta][\/et_pb_column][\/et_pb_row][et_pb_row column_structure=&#8221;1_4,1_4,1_4,1_4&#8243; module_id=&#8221;2021&#8243; _builder_version=&#8221;4.23.1&#8243; _module_preset=&#8221;default&#8221; global_colors_info=&#8221;{}&#8221;][et_pb_column type=&#8221;1_4&#8243; _builder_version=&#8221;4.16&#8243; _module_preset=&#8221;default&#8221; global_colors_info=&#8221;{}&#8221;][et_pb_cta title=&#8221;Zima 2021&#8243; button_url=&#8221;http:\/\/dev.mrsdivi.com\/wp-content\/uploads\/2021\/12\/ToP-142-podzim-2021.pdf&#8221; url_new_window=&#8221;on&#8221; button_text=&#8221;st\u00e1hnout&#8221; admin_label=&#8221;ToP 141&#8243; _builder_version=&#8221;4.16&#8243; _module_preset=&#8221;default&#8221; header_font=&#8221;|600|||||||&#8221; use_background_color=&#8221;off&#8221; background_image=&#8221;http:\/\/dev.mrsdivi.com\/wp-content\/uploads\/2021\/12\/ToP-142-podzim-2021-page-001.jpg&#8221; background_layout=&#8221;light&#8221; min_height=&#8221;300px&#8221; custom_padding=&#8221;100px||||false|true&#8221; custom_css_promo_description=&#8221;background: rgba(255, 255, 255, 0.7);||width: 180px;||margin: auto;||padding-top:10px&#8221; custom_css_promo_button=&#8221;width: 180px;&#8221; box_shadow_style=&#8221;preset2&#8243; global_colors_info=&#8221;{}&#8221;]<\/p>\n<p>ToP 142<\/p>\n<p>[\/et_pb_cta][\/et_pb_column][et_pb_column type=&#8221;1_4&#8243; _builder_version=&#8221;4.16&#8243; _module_preset=&#8221;default&#8221; global_colors_info=&#8221;{}&#8221;][et_pb_cta title=&#8221;Podzim 2021&#8243; button_url=&#8221;http:\/\/dev.mrsdivi.com\/wp-content\/uploads\/2021\/09\/ToP-141-podzim-2021-1.pdf&#8221; url_new_window=&#8221;on&#8221; button_text=&#8221;st\u00e1hnout&#8221; admin_label=&#8221;ToP 141&#8243; _builder_version=&#8221;4.16&#8243; _module_preset=&#8221;default&#8221; header_font=&#8221;|600|||||||&#8221; use_background_color=&#8221;off&#8221; background_image=&#8221;http:\/\/dev.mrsdivi.com\/wp-content\/uploads\/2021\/09\/ToP-141_Cover.png&#8221; background_layout=&#8221;light&#8221; min_height=&#8221;300px&#8221; custom_padding=&#8221;100px||||false|true&#8221; custom_css_promo_description=&#8221;background: rgba(255, 255, 255, 0.7);||width: 180px;||margin: auto;||padding-top:10px&#8221; custom_css_promo_button=&#8221;width: 180px;&#8221; box_shadow_style=&#8221;preset2&#8243; global_colors_info=&#8221;{}&#8221;]<\/p>\n<p>ToP 141<\/p>\n<p>[\/et_pb_cta][\/et_pb_column][et_pb_column type=&#8221;1_4&#8243; _builder_version=&#8221;4.16&#8243; _module_preset=&#8221;default&#8221; global_colors_info=&#8221;{}&#8221;][et_pb_cta title=&#8221;L\u00e9to 2021&#8243; button_url=&#8221;http:\/\/dev.mrsdivi.com\/wp-content\/uploads\/2021\/08\/ToP-140-leto-2021.pdf&#8221; url_new_window=&#8221;on&#8221; button_text=&#8221;st\u00e1hnout&#8221; admin_label=&#8221;ToP 140&#8243; _builder_version=&#8221;4.16&#8243; _module_preset=&#8221;default&#8221; header_font=&#8221;|600|||||||&#8221; use_background_color=&#8221;off&#8221; background_image=&#8221;http:\/\/dev.mrsdivi.com\/wp-content\/uploads\/2021\/08\/ToP-140-obalka-2.jpg&#8221; background_layout=&#8221;light&#8221; min_height=&#8221;300px&#8221; custom_padding=&#8221;100px||||false|true&#8221; custom_css_promo_description=&#8221;background: rgba(255, 255, 255, 0.7);||width: 180px;||margin: auto;||padding-top:10px&#8221; custom_css_promo_button=&#8221;width: 180px;&#8221; box_shadow_style=&#8221;preset2&#8243; global_colors_info=&#8221;{}&#8221;]<\/p>\n<p>ToP 140<\/p>\n<p>[\/et_pb_cta][\/et_pb_column][et_pb_column type=&#8221;1_4&#8243; _builder_version=&#8221;4.16&#8243; _module_preset=&#8221;default&#8221; global_colors_info=&#8221;{}&#8221;][et_pb_cta title=&#8221;Jaro 2021&#8243; button_url=&#8221;\/wp-content\/uploads\/2021\/09\/ToP-139-jaro-2021.pdf&#8221; url_new_window=&#8221;on&#8221; button_text=&#8221;st\u00e1hnout&#8221; admin_label=&#8221;ToP 139&#8243; _builder_version=&#8221;4.16&#8243; _module_preset=&#8221;default&#8221; header_font=&#8221;|600|||||||&#8221; use_background_color=&#8221;off&#8221; background_image=&#8221;http:\/\/dev.mrsdivi.com\/wp-content\/uploads\/2021\/09\/ToP-139-jaro-2021-obalka.jpg&#8221; background_layout=&#8221;light&#8221; min_height=&#8221;300px&#8221; custom_padding=&#8221;100px||||false|true&#8221; custom_css_promo_description=&#8221;background: rgba(255, 255, 255, 0.7);||width: 180px;||margin: auto;||padding-top:10px&#8221; custom_css_promo_button=&#8221;width: 180px;&#8221; box_shadow_style=&#8221;preset2&#8243; global_colors_info=&#8221;{}&#8221;]<\/p>\n<p>ToP 139<\/p>\n<p>[\/et_pb_cta][\/et_pb_column][\/et_pb_row][et_pb_row column_structure=&#8221;1_4,1_4,1_4,1_4&#8243; module_id=&#8221;2020&#8243; _builder_version=&#8221;4.23.1&#8243; _module_preset=&#8221;default&#8221; global_colors_info=&#8221;{}&#8221;][et_pb_column type=&#8221;1_4&#8243; _builder_version=&#8221;4.16&#8243; _module_preset=&#8221;default&#8221; global_colors_info=&#8221;{}&#8221;][et_pb_cta title=&#8221;Zima 2020&#8243; button_url=&#8221;http:\/\/dev.mrsdivi.com\/wp-content\/uploads\/2021\/08\/ToP-138_zima-2020.pdf&#8221; url_new_window=&#8221;on&#8221; button_text=&#8221;st\u00e1hnout&#8221; admin_label=&#8221;ToP 138&#8243; _builder_version=&#8221;4.16&#8243; _module_preset=&#8221;default&#8221; header_font=&#8221;|600|||||||&#8221; use_background_color=&#8221;off&#8221; background_image=&#8221;http:\/\/dev.mrsdivi.com\/wp-content\/uploads\/2021\/08\/ToP-138_zima-2020-obalka.jpg&#8221; background_layout=&#8221;light&#8221; min_height=&#8221;300px&#8221; custom_padding=&#8221;100px||||false|true&#8221; link_option_url_new_window=&#8221;on&#8221; custom_css_promo_description=&#8221;background: rgba(255, 255, 255, 0.7);||width: 180px;||margin: auto;||padding-top:10px&#8221; custom_css_promo_button=&#8221;width: 180px;&#8221; box_shadow_style=&#8221;preset2&#8243; global_colors_info=&#8221;{}&#8221;]<\/p>\n<p>ToP 138<\/p>\n<p>[\/et_pb_cta][\/et_pb_column][et_pb_column type=&#8221;1_4&#8243; _builder_version=&#8221;4.16&#8243; _module_preset=&#8221;default&#8221; global_colors_info=&#8221;{}&#8221;][et_pb_cta title=&#8221;Podzim 2020&#8243; button_url=&#8221;http:\/\/dev.mrsdivi.com\/wp-content\/uploads\/2021\/08\/ToP_137_podzim_2020.pdf&#8221; url_new_window=&#8221;on&#8221; button_text=&#8221;st\u00e1hnout&#8221; admin_label=&#8221;ToP 137&#8243; _builder_version=&#8221;4.16&#8243; _module_preset=&#8221;default&#8221; header_font=&#8221;|600|||||||&#8221; use_background_color=&#8221;off&#8221; background_image=&#8221;http:\/\/dev.mrsdivi.com\/wp-content\/uploads\/2021\/08\/ToP_137_podzim_2020-obalka.jpg&#8221; background_layout=&#8221;light&#8221; min_height=&#8221;300px&#8221; custom_padding=&#8221;100px||||false|true&#8221; custom_css_promo_description=&#8221;background: rgba(255, 255, 255, 0.7);||width: 180px;||margin: auto;||padding-top:10px&#8221; custom_css_promo_button=&#8221;width: 180px;&#8221; box_shadow_style=&#8221;preset2&#8243; global_colors_info=&#8221;{}&#8221;]<\/p>\n<p>ToP 137<\/p>\n<p>[\/et_pb_cta][\/et_pb_column][et_pb_column type=&#8221;1_4&#8243; _builder_version=&#8221;4.16&#8243; _module_preset=&#8221;default&#8221; global_colors_info=&#8221;{}&#8221;][et_pb_cta title=&#8221;L\u00e9to 2020&#8243; button_url=&#8221;http:\/\/dev.mrsdivi.com\/wp-content\/uploads\/2021\/08\/ToP-136_leto_2020.pdf&#8221; url_new_window=&#8221;on&#8221; button_text=&#8221;st\u00e1hnout&#8221; admin_label=&#8221;ToP 136&#8243; _builder_version=&#8221;4.16&#8243; _module_preset=&#8221;default&#8221; header_font=&#8221;|600|||||||&#8221; use_background_color=&#8221;off&#8221; background_image=&#8221;http:\/\/dev.mrsdivi.com\/wp-content\/uploads\/2021\/08\/ToP-136_leto_2020-obalka.jpg&#8221; background_layout=&#8221;light&#8221; min_height=&#8221;300px&#8221; custom_padding=&#8221;100px||||false|true&#8221; custom_css_promo_description=&#8221;background: rgba(255, 255, 255, 0.7);||width: 180px;||margin: auto;||padding-top:10px&#8221; custom_css_promo_button=&#8221;width: 180px;&#8221; box_shadow_style=&#8221;preset2&#8243; global_colors_info=&#8221;{}&#8221;]<\/p>\n<p>ToP 136<\/p>\n<p>[\/et_pb_cta][\/et_pb_column][et_pb_column type=&#8221;1_4&#8243; _builder_version=&#8221;4.16&#8243; _module_preset=&#8221;default&#8221; global_colors_info=&#8221;{}&#8221;][et_pb_cta title=&#8221;Jaro 2020&#8243; button_url=&#8221;http:\/\/dev.mrsdivi.com\/wp-content\/uploads\/2021\/08\/ToP-135_jaro_2020.pdf&#8221; url_new_window=&#8221;on&#8221; button_text=&#8221;st\u00e1hnout&#8221; admin_label=&#8221;ToP 135&#8243; _builder_version=&#8221;4.16&#8243; _module_preset=&#8221;default&#8221; header_font=&#8221;|600|||||||&#8221; use_background_color=&#8221;off&#8221; background_image=&#8221;http:\/\/dev.mrsdivi.com\/wp-content\/uploads\/2021\/08\/ToP-135_jaro_2020-page-obalka.jpg&#8221; background_layout=&#8221;light&#8221; min_height=&#8221;300px&#8221; custom_padding=&#8221;100px||||false|true&#8221; custom_css_promo_description=&#8221;background: rgba(255, 255, 255, 0.7);||width: 180px;||margin: auto;||padding-top:10px&#8221; custom_css_promo_button=&#8221;width: 180px;&#8221; box_shadow_style=&#8221;preset2&#8243; global_colors_info=&#8221;{}&#8221;]<\/p>\n<p>ToP 135<\/p>\n<p>[\/et_pb_cta][\/et_pb_column][\/et_pb_row][\/et_pb_section]<\/p>\n","protected":false},"excerpt":{"rendered":"<p>[seopress_breadcrumbs] \u010casopis ToP (tlumo\u010dn\u00ed-p\u0159eklad)\u010casopis ToP je od 1. ledna 2024 voln\u011b ke sta\u017een\u00ed a \u0161\u00ed\u0159en\u00ed. ToP 147ToP 148ToP 149ToP 150ToP 143ToP 144ToP 145ToP 146ToP 142ToP 141ToP 140ToP 139ToP 138ToP 137ToP 136ToP 135<\/p>\n","protected":false},"author":2,"featured_media":0,"parent":0,"menu_order":1150,"comment_status":"closed","ping_status":"closed","template":"","meta":{"_acf_changed":false,"_seopress_robots_primary_cat":"","_seopress_titles_title":"","_seopress_titles_desc":"","_seopress_robots_index":"","_et_pb_use_builder":"on","_et_pb_old_content":"","_et_gb_content_width":"","footnotes":""},"class_list":["post-1553","page","type-page","status-publish","hentry"],"acf":[],"_links":{"self":[{"href":"http:\/\/dev.mrsdivi.com\/en\/wp-json\/wp\/v2\/pages\/1553"}],"collection":[{"href":"http:\/\/dev.mrsdivi.com\/en\/wp-json\/wp\/v2\/pages"}],"about":[{"href":"http:\/\/dev.mrsdivi.com\/en\/wp-json\/wp\/v2\/types\/page"}],"author":[{"embeddable":true,"href":"http:\/\/dev.mrsdivi.com\/en\/wp-json\/wp\/v2\/users\/2"}],"replies":[{"embeddable":true,"href":"http:\/\/dev.mrsdivi.com\/en\/wp-json\/wp\/v2\/comments?post=1553"}],"version-history":[{"count":5,"href":"http:\/\/dev.mrsdivi.com\/en\/wp-json\/wp\/v2\/pages\/1553\/revisions"}],"predecessor-version":[{"id":8410,"href":"http:\/\/dev.mrsdivi.com\/en\/wp-json\/wp\/v2\/pages\/1553\/revisions\/8410"}],"wp:attachment":[{"href":"http:\/\/dev.mrsdivi.com\/en\/wp-json\/wp\/v2\/media?parent=1553"}],"curies":[{"name":"wp","href":"https:\/\/api.w.org\/{rel}","templated":true}]}}