{"id":1822,"date":"2021-08-04T09:52:08","date_gmt":"2021-08-04T07:52:08","guid":{"rendered":"http:\/\/dev.mrsdivi.com\/personal-data-protection\/"},"modified":"2021-08-25T12:57:17","modified_gmt":"2021-08-25T10:57:17","slug":"personal-data-protection","status":"publish","type":"page","link":"http:\/\/dev.mrsdivi.com\/en\/personal-data-protection\/","title":{"rendered":"Personal data protection"},"content":{"rendered":"<p>[et_pb_section fb_built=&#8221;1&#8243; admin_label=&#8221;section&#8221; _builder_version=&#8221;4.8.2&#8243; background_color=&#8221;#2C3E50&#8243; global_colors_info=&#8221;{}&#8221;][et_pb_row admin_label=&#8221;row&#8221; _builder_version=&#8221;3.25&#8243; global_colors_info=&#8221;{}&#8221;][et_pb_column type=&#8221;4_4&#8243; _builder_version=&#8221;3.25&#8243; custom_padding=&#8221;|20px|||false|false&#8221; custom_padding_tablet=&#8221;|0px|||false|false&#8221; custom_padding_phone=&#8221;&#8221; custom_padding_last_edited=&#8221;on|tablet&#8221; border_width_right=&#8221;2px&#8221; border_color_right=&#8221;#2C3E50&#8243; border_width_all_tablet=&#8221;&#8221; border_width_all_phone=&#8221;&#8221; border_width_all_last_edited=&#8221;on|tablet&#8221; border_width_right_tablet=&#8221;0px&#8221; border_width_right_phone=&#8221;&#8221; border_width_right_last_edited=&#8221;on|tablet&#8221; global_colors_info=&#8221;{}&#8221; custom_padding__hover=&#8221;|||&#8221;][et_pb_text admin_label=&#8221;Text&#8221; _builder_version=&#8221;4.9.7&#8243; _dynamic_attributes=&#8221;content&#8221; header_text_color=&#8221;#FFFFFF&#8221; background_size=&#8221;initial&#8221; background_position=&#8221;top_left&#8221; background_repeat=&#8221;repeat&#8221; custom_margin=&#8221;||0px||false|false&#8221; custom_padding=&#8221;||0px||false|false&#8221; global_colors_info=&#8221;{}&#8221;]@ET-DC@eyJkeW5hbWljIjp0cnVlLCJjb250ZW50IjoicG9zdF90aXRsZSIsInNldHRpbmdzIjp7ImJlZm9yZSI6IjxoMT4iLCJhZnRlciI6IjwvaDE+In19@[\/et_pb_text][et_pb_text _builder_version=&#8221;4.9.7&#8243; _module_preset=&#8221;default&#8221; text_text_color=&#8221;#FFFFFF&#8221; link_text_color=&#8221;rgba(255,255,255,0.61)&#8221; custom_margin=&#8221;0px||||false|false&#8221; custom_padding=&#8221;0px||||false|false&#8221; saved_tabs=&#8221;all&#8221; global_colors_info=&#8221;{}&#8221;]<\/p>\n<p>[seopress_breadcrumbs]<\/p>\n<p>[\/et_pb_text][\/et_pb_column][\/et_pb_row][\/et_pb_section][et_pb_section fb_built=&#8221;1&#8243; admin_label=&#8221;FAQ&#8221; _builder_version=&#8221;4.7.0&#8243; box_shadow_style=&#8221;preset6&#8243; global_colors_info=&#8221;{}&#8221;][et_pb_row _builder_version=&#8221;4.9.4&#8243; custom_padding=&#8221;27px|0px|27px|0px|false|false&#8221; global_colors_info=&#8221;{}&#8221;][et_pb_column type=&#8221;4_4&#8243; _builder_version=&#8221;3.25&#8243; custom_padding=&#8221;|||&#8221; global_colors_info=&#8221;{}&#8221; custom_padding__hover=&#8221;|||&#8221;][et_pb_text _builder_version=&#8221;4.10.4&#8243; _module_preset=&#8221;default&#8221; hover_enabled=&#8221;0&#8243; global_colors_info=&#8221;{}&#8221; sticky_enabled=&#8221;0&#8243;]<\/p>\n<p><strong>We take the protection of your data seriously<\/strong><\/p>\n<p>Thank you for visiting our website and taking an interest in the activities of JTP \u2013 Jednota tlumo\u010dn\u00edk\u016f a p\u0159ekladatel\u016f (Association of Interpreters and Translators). We treat your personal data confidentially and in processing it we follow the current legal regulations, in particular the General Data Protection Regulation (Regulation (EU) 2016\/679 of the European Parliament and of the Council). Below we give more details about the principles we follow to protect your privacy.<\/p>\n<p><strong>Who is responsible for processing data?<\/strong><\/p>\n<p>The controller of personal data in the sense defined in the Regulation is JTP \u2013 Jednota tlumo\u010dn\u00edk\u016f a p\u0159ekladatel\u016f, registered address Senov\u00e1\u017en\u00e9 n\u00e1m\u011bst\u00ed 978\/23, 110 00 Prague 1, Czech Republic.<\/p>\n<p>JTP processes personal data for purposes for which consent is not needed \u2013 for example, for keeping membership records. JTP may process personal data for other purposes only with your consent. On principle, we do not pass on personal data to any third parties. The only exception is that we pass on personal data, to the minimum extent necessary and while observing all legal conditions and restrictions, to WP Associations | Tanya Quintieri, registered address Na Vr\u0161ku 1007, 280 02 Kol\u00edn IV, which is responsible for administering our IT infrastructure.<span class=\"Apple-converted-space\">\u00a0<\/span><\/p>\n<p><strong>What data do we process?<\/strong><\/p>\n<p>JTP acquires your personal data if you contact us (e.g. by e<span>\u2011<\/span>mail) or fill in the membership application form. If you are already a member, JTP acquires your data if you register to receive news from us, join the JTP discussion group, or take part in an educational or other activity organised by JTP, and enter your personal data in the relevant application form, or publish your data in your membership profile on the website. Some data are collected automatically by our information system when you use the JTP website.<\/p>\n<p><strong>How long do we store personal data?<\/strong><\/p>\n<p>Personal data that we can process without your consent will be stored by us for the duration of our legitimate interest in storing them. If you ask us to erase your personal data, we will erase them permanently without undue delay, except for those data which we are legally obliged to store. Personal data which we process with your consent will be stored by us until you withdraw this consent.<\/p>\n<p><strong>Your rights in relation to the processing of your personal data<\/strong><\/p>\n<ul>\n<li>Right of access to personal data \u2013 Article 15 of the Regulation<span class=\"Apple-converted-space\">\u00a0<\/span><\/li>\n<li>Right to rectification of inaccurate data \u2013 Article 16 of the Regulation<span class=\"Apple-converted-space\">\u00a0<\/span><\/li>\n<li>Right to erasure (\u2018right to be forgotten\u2019) \u2013 Article 17 of the Regulation<span class=\"Apple-converted-space\">\u00a0<\/span><\/li>\n<li>Right to object to the processing of personal data \u2013 Article 21 of the Regulation<span class=\"Apple-converted-space\">\u00a0<\/span><\/li>\n<li>Right to withdraw consent to the processing of personal data<\/li>\n<\/ul>\n<p>The authority supervising compliance with the principles of personal data protection is the Office for Personal Data Protection (\u00da\u0159ad pro ochranu osobn\u00edch \u00fadaj\u016f), registered address Pplk. Sochora 27, 170 00 Prague 7, posta@uoou.cz, www.uoou.cz. We will of course be glad to provide you with further information on how we process personal data on request. You can contact us at JTP@JTPunion.org. We have not appointed a data protection officer.<\/p>\n<p>[\/et_pb_text][\/et_pb_column][\/et_pb_row][\/et_pb_section]<\/p>\n","protected":false},"excerpt":{"rendered":"<p>[seopress_breadcrumbs]We take the protection of your data seriously Thank you for visiting our website and taking an interest in the activities of JTP \u2013 Jednota tlumo\u010dn\u00edk\u016f a p\u0159ekladatel\u016f (Association of Interpreters and Translators). We treat your personal data confidentially and in processing it we follow the current legal regulations, in particular the General Data Protection Regulation (Regulation (EU) 2016\/679 of the European Parliament and of the Council). Below we give more details about the principles we follow to protect your privacy. Who is responsible for processing data? The controller of personal data in the sense defined in the Regulation is JTP \u2013 Jednota tlumo\u010dn\u00edk\u016f a p\u0159ekladatel\u016f, registered address Senov\u00e1\u017en\u00e9 n\u00e1m\u011bst\u00ed 978\/23, 110 00 Prague 1, Czech Republic. JTP processes personal data for purposes for which consent is not needed \u2013 for example, for keeping membership records. JTP may process personal data for other purposes only with your consent. On principle, we do not pass on personal data to any third parties. The only exception is that we pass on personal data, to the minimum extent necessary and while observing all legal conditions and restrictions, to WP Associations | Tanya Quintieri, registered address Na Vr\u0161ku 1007, 280 02 Kol\u00edn IV, which [&hellip;]<\/p>\n","protected":false},"author":2,"featured_media":0,"parent":0,"menu_order":2200,"comment_status":"closed","ping_status":"closed","template":"","meta":{"_acf_changed":false,"_seopress_robots_primary_cat":"","_seopress_titles_title":"","_seopress_titles_desc":"","_seopress_robots_index":"","_et_pb_use_builder":"on","_et_pb_old_content":"","_et_gb_content_width":"","footnotes":""},"class_list":["post-1822","page","type-page","status-publish","hentry"],"acf":[],"_links":{"self":[{"href":"http:\/\/dev.mrsdivi.com\/en\/wp-json\/wp\/v2\/pages\/1822"}],"collection":[{"href":"http:\/\/dev.mrsdivi.com\/en\/wp-json\/wp\/v2\/pages"}],"about":[{"href":"http:\/\/dev.mrsdivi.com\/en\/wp-json\/wp\/v2\/types\/page"}],"author":[{"embeddable":true,"href":"http:\/\/dev.mrsdivi.com\/en\/wp-json\/wp\/v2\/users\/2"}],"replies":[{"embeddable":true,"href":"http:\/\/dev.mrsdivi.com\/en\/wp-json\/wp\/v2\/comments?post=1822"}],"version-history":[{"count":5,"href":"http:\/\/dev.mrsdivi.com\/en\/wp-json\/wp\/v2\/pages\/1822\/revisions"}],"predecessor-version":[{"id":2066,"href":"http:\/\/dev.mrsdivi.com\/en\/wp-json\/wp\/v2\/pages\/1822\/revisions\/2066"}],"wp:attachment":[{"href":"http:\/\/dev.mrsdivi.com\/en\/wp-json\/wp\/v2\/media?parent=1822"}],"curies":[{"name":"wp","href":"https:\/\/api.w.org\/{rel}","templated":true}]}}