{"id":54,"date":"2020-10-19T00:14:40","date_gmt":"2020-10-18T22:14:40","guid":{"rendered":"http:\/\/dev.mrsdivi.com\/?page_id=54"},"modified":"2021-09-23T17:26:40","modified_gmt":"2021-09-23T15:26:40","slug":"historie","status":"publish","type":"page","link":"http:\/\/dev.mrsdivi.com\/en\/historie\/","title":{"rendered":"Historie"},"content":{"rendered":"<p>[et_pb_section fb_built=&#8221;1&#8243; admin_label=&#8221;section&#8221; _builder_version=&#8221;4.8.2&#8243; background_color=&#8221;#2C3E50&#8243; global_colors_info=&#8221;{}&#8221;][et_pb_row admin_label=&#8221;row&#8221; _builder_version=&#8221;3.25&#8243; global_colors_info=&#8221;{}&#8221;][et_pb_column type=&#8221;4_4&#8243; _builder_version=&#8221;3.25&#8243; custom_padding=&#8221;|20px|||false|false&#8221; custom_padding_tablet=&#8221;|0px|||false|false&#8221; custom_padding_phone=&#8221;&#8221; custom_padding_last_edited=&#8221;on|tablet&#8221; border_width_right=&#8221;2px&#8221; border_color_right=&#8221;#2C3E50&#8243; border_width_all_tablet=&#8221;&#8221; border_width_all_phone=&#8221;&#8221; border_width_all_last_edited=&#8221;on|tablet&#8221; border_width_right_tablet=&#8221;0px&#8221; border_width_right_phone=&#8221;&#8221; border_width_right_last_edited=&#8221;on|tablet&#8221; global_colors_info=&#8221;{}&#8221; custom_padding__hover=&#8221;|||&#8221;][et_pb_text admin_label=&#8221;Text&#8221; _builder_version=&#8221;4.9.7&#8243; header_text_color=&#8221;#FFFFFF&#8221; background_size=&#8221;initial&#8221; background_position=&#8221;top_left&#8221; background_repeat=&#8221;repeat&#8221; custom_margin=&#8221;||0px||false|false&#8221; custom_padding=&#8221;||0px||false|false&#8221; global_colors_info=&#8221;{}&#8221;]<\/p>\n<h1>Historie<\/h1>\n<p>[\/et_pb_text][et_pb_text _builder_version=&#8221;4.9.7&#8243; _module_preset=&#8221;default&#8221; text_text_color=&#8221;#FFFFFF&#8221; link_text_color=&#8221;rgba(255,255,255,0.61)&#8221; custom_margin=&#8221;0px||||false|false&#8221; custom_padding=&#8221;0px||||false|false&#8221; global_module=&#8221;1281&#8243; saved_tabs=&#8221;all&#8221; global_colors_info=&#8221;{}&#8221;]<\/p>\n<p>[seopress_breadcrumbs]<\/p>\n<p>[\/et_pb_text][\/et_pb_column][\/et_pb_row][\/et_pb_section][et_pb_section fb_built=&#8221;1&#8243; _builder_version=&#8221;4.9.2&#8243; _module_preset=&#8221;default&#8221; collapsed=&#8221;off&#8221; global_colors_info=&#8221;{}&#8221;][et_pb_row column_structure=&#8221;1_4,3_4&#8243; admin_label=&#8221;1990&#8243; _builder_version=&#8221;4.9.4&#8243; _module_preset=&#8221;default&#8221; border_width_bottom=&#8221;1px&#8221; border_color_bottom=&#8221;#C1272D&#8221; collapsed=&#8221;on&#8221; global_colors_info=&#8221;{}&#8221;][et_pb_column type=&#8221;1_4&#8243; _builder_version=&#8221;4.9.2&#8243; _module_preset=&#8221;default&#8221; global_colors_info=&#8221;{}&#8221;][et_pb_text _builder_version=&#8221;4.9.7&#8243; _module_preset=&#8221;default&#8221; text_font=&#8221;|700|||||||&#8221; text_text_color=&#8221;#C1272D&#8221; text_orientation=&#8221;center&#8221; global_colors_info=&#8221;{}&#8221;]1990[\/et_pb_text][\/et_pb_column][et_pb_column type=&#8221;3_4&#8243; _builder_version=&#8221;4.9.2&#8243; _module_preset=&#8221;default&#8221; global_colors_info=&#8221;{}&#8221;][et_pb_text _builder_version=&#8221;4.9.4&#8243; _module_preset=&#8221;default&#8221; global_colors_info=&#8221;{}&#8221;]JTP ustavena 8. dubna jako nez\u00e1visl\u00e1, otev\u0159en\u00e1, dobrovoln\u00e1, profesn\u00ed organizace profesion\u00e1ln\u00edch tlumo\u010dn\u00edk\u016f a p\u0159ekladatel\u016f.[\/et_pb_text][\/et_pb_column][\/et_pb_row][et_pb_row column_structure=&#8221;1_4,3_4&#8243; admin_label=&#8221;1990&#8243; _builder_version=&#8221;4.9.2&#8243; _module_preset=&#8221;default&#8221; border_width_bottom=&#8221;1px&#8221; border_color_bottom=&#8221;#C1272D&#8221; collapsed=&#8221;on&#8221; global_colors_info=&#8221;{}&#8221;][et_pb_column type=&#8221;1_4&#8243; _builder_version=&#8221;4.9.2&#8243; _module_preset=&#8221;default&#8221; global_colors_info=&#8221;{}&#8221;][et_pb_text _builder_version=&#8221;4.9.7&#8243; _module_preset=&#8221;default&#8221; text_font=&#8221;|700|||||||&#8221; text_text_color=&#8221;#C1272D&#8221; text_orientation=&#8221;center&#8221; global_colors_info=&#8221;{}&#8221;]1990[\/et_pb_text][\/et_pb_column][et_pb_column type=&#8221;3_4&#8243; _builder_version=&#8221;4.9.2&#8243; _module_preset=&#8221;default&#8221; global_colors_info=&#8221;{}&#8221;][et_pb_text _builder_version=&#8221;4.10.8&#8243; _module_preset=&#8221;default&#8221; hover_enabled=&#8221;0&#8243; global_colors_info=&#8221;{}&#8221; sticky_enabled=&#8221;0&#8243;]<\/p>\n<p>Za\u010d\u00edn\u00e1 vyd\u00e1vat ToP (tlumo\u010den\u00ed-p\u0159eklad), dosud jedin\u00fd odborn\u00fd \u010dasopis o tlumo\u010den\u00ed a p\u0159ekladu na trhu. Postupn\u011b vydala \u0159adu kr\u00e1tk\u00fdch p\u0159\u00edru\u010dek pro lep\u0161\u00ed orientaci z\u00e1kazn\u00edk\u016f v oblasti p\u0159ekladu a tlumo\u010den\u00ed.<\/p>\n<p>[\/et_pb_text][\/et_pb_column][\/et_pb_row][et_pb_row column_structure=&#8221;1_4,3_4&#8243; admin_label=&#8221;1990 a\u017e 2016&#8243; _builder_version=&#8221;4.9.2&#8243; _module_preset=&#8221;default&#8221; border_width_bottom=&#8221;1px&#8221; border_color_bottom=&#8221;#C1272D&#8221; collapsed=&#8221;on&#8221; global_colors_info=&#8221;{}&#8221;][et_pb_column type=&#8221;1_4&#8243; _builder_version=&#8221;4.9.2&#8243; _module_preset=&#8221;default&#8221; global_colors_info=&#8221;{}&#8221;][et_pb_text _builder_version=&#8221;4.9.7&#8243; _module_preset=&#8221;default&#8221; text_font=&#8221;|700|||||||&#8221; text_text_color=&#8221;#C1272D&#8221; text_orientation=&#8221;center&#8221; global_colors_info=&#8221;{}&#8221;]1990 a\u017e 2016[\/et_pb_text][\/et_pb_column][et_pb_column type=&#8221;3_4&#8243; _builder_version=&#8221;4.9.2&#8243; _module_preset=&#8221;default&#8221; global_colors_info=&#8221;{}&#8221;][et_pb_text _builder_version=&#8221;4.9.4&#8243; _module_preset=&#8221;default&#8221; global_colors_info=&#8221;{}&#8221;]Vyd\u00e1v\u00e1 Doporu\u010den\u00e9 minim\u00e1ln\u00ed tarify za p\u0159eklad a tlumo\u010den\u00ed, kter\u00e9 p\u0159isp\u011bly k postupn\u00e9mu r\u016fstu odm\u011bn na dne\u0161n\u00ed \u00farove\u0148.[\/et_pb_text][\/et_pb_column][\/et_pb_row][et_pb_row column_structure=&#8221;1_4,3_4&#8243; admin_label=&#8221;1990&#8243; _builder_version=&#8221;4.9.2&#8243; _module_preset=&#8221;default&#8221; border_width_bottom=&#8221;1px&#8221; border_color_bottom=&#8221;#C1272D&#8221; collapsed=&#8221;on&#8221; global_colors_info=&#8221;{}&#8221;][et_pb_column type=&#8221;1_4&#8243; _builder_version=&#8221;4.9.2&#8243; _module_preset=&#8221;default&#8221; global_colors_info=&#8221;{}&#8221;][et_pb_text _builder_version=&#8221;4.9.7&#8243; _module_preset=&#8221;default&#8221; text_font=&#8221;|700|||||||&#8221; text_text_color=&#8221;#C1272D&#8221; text_orientation=&#8221;center&#8221; global_colors_info=&#8221;{}&#8221;]1990[\/et_pb_text][\/et_pb_column][et_pb_column type=&#8221;3_4&#8243; _builder_version=&#8221;4.9.2&#8243; _module_preset=&#8221;default&#8221; global_colors_info=&#8221;{}&#8221;][et_pb_text _builder_version=&#8221;4.9.4&#8243; _module_preset=&#8221;default&#8221; global_colors_info=&#8221;{}&#8221;]vyd\u00e1v\u00e1 prvn\u00ed Doporu\u010den\u00e9 smluvn\u00ed podm\u00ednky, kter\u00e9 mimo jin\u00e9 zkr\u00e1t\u00ed pracovn\u00ed dobu tlumo\u010dn\u00edka z 10 na 8 hodin denn\u011b.[\/et_pb_text][\/et_pb_column][\/et_pb_row][et_pb_row column_structure=&#8221;1_4,3_4&#8243; admin_label=&#8221;1991 a\u017e 1998&#8243; _builder_version=&#8221;4.9.4&#8243; _module_preset=&#8221;default&#8221; border_width_bottom=&#8221;1px&#8221; border_color_bottom=&#8221;#C1272D&#8221; collapsed=&#8221;off&#8221; global_colors_info=&#8221;{}&#8221;][et_pb_column type=&#8221;1_4&#8243; _builder_version=&#8221;4.9.2&#8243; _module_preset=&#8221;default&#8221; global_colors_info=&#8221;{}&#8221;][et_pb_text _builder_version=&#8221;4.9.7&#8243; _module_preset=&#8221;default&#8221; text_font=&#8221;|700|||||||&#8221; text_text_color=&#8221;#C1272D&#8221; text_orientation=&#8221;center&#8221; global_colors_info=&#8221;{}&#8221;]1991 a\u017e 1998[\/et_pb_text][\/et_pb_column][et_pb_column type=&#8221;3_4&#8243; _builder_version=&#8221;4.9.4&#8243; _module_preset=&#8221;default&#8221; global_colors_info=&#8221;{}&#8221;][et_pb_text _builder_version=&#8221;4.9.4&#8243; _module_preset=&#8221;default&#8221; global_colors_info=&#8221;{}&#8221;]Po\u0159\u00e1d\u00e1 s\u00e9rii Setk\u00e1n\u00ed tlumo\u010dn\u00edk\u016f a p\u0159ekladatel\u016f ze St\u0159edn\u00ed a V\u00fdchodn\u00ed Evropy (Bratislava, Budmerice, P\u00edsek).[\/et_pb_text][\/et_pb_column][\/et_pb_row][et_pb_row column_structure=&#8221;1_4,3_4&#8243; admin_label=&#8221;1993&#8243; _builder_version=&#8221;4.9.4&#8243; _module_preset=&#8221;default&#8221; border_width_bottom=&#8221;1px&#8221; border_color_bottom=&#8221;#C1272D&#8221; collapsed=&#8221;off&#8221; global_colors_info=&#8221;{}&#8221;][et_pb_column type=&#8221;1_4&#8243; _builder_version=&#8221;4.9.2&#8243; _module_preset=&#8221;default&#8221; global_colors_info=&#8221;{}&#8221;][et_pb_text _builder_version=&#8221;4.9.7&#8243; _module_preset=&#8221;default&#8221; text_font=&#8221;|700|||||||&#8221; text_text_color=&#8221;#C1272D&#8221; text_orientation=&#8221;center&#8221; global_colors_info=&#8221;{}&#8221;]1993[\/et_pb_text][\/et_pb_column][et_pb_column type=&#8221;3_4&#8243; _builder_version=&#8221;4.9.4&#8243; _module_preset=&#8221;default&#8221; global_colors_info=&#8221;{}&#8221;][et_pb_text _builder_version=&#8221;4.9.4&#8243; _module_preset=&#8221;default&#8221; global_colors_info=&#8221;{}&#8221;]St\u00e1v\u00e1 se \u010dlenem Mezin\u00e1rodn\u00ed federace p\u0159ekladatel\u016f (FIT).[\/et_pb_text][\/et_pb_column][\/et_pb_row][et_pb_row column_structure=&#8221;1_4,3_4&#8243; admin_label=&#8221;1994&#8243; _builder_version=&#8221;4.9.4&#8243; _module_preset=&#8221;default&#8221; border_width_bottom=&#8221;1px&#8221; border_color_bottom=&#8221;#C1272D&#8221; collapsed=&#8221;off&#8221; global_colors_info=&#8221;{}&#8221;][et_pb_column type=&#8221;1_4&#8243; _builder_version=&#8221;4.9.2&#8243; _module_preset=&#8221;default&#8221; global_colors_info=&#8221;{}&#8221;][et_pb_text _builder_version=&#8221;4.9.7&#8243; _module_preset=&#8221;default&#8221; text_font=&#8221;|700|||||||&#8221; text_text_color=&#8221;#C1272D&#8221; text_orientation=&#8221;center&#8221; global_colors_info=&#8221;{}&#8221;]1994[\/et_pb_text][\/et_pb_column][et_pb_column type=&#8221;3_4&#8243; _builder_version=&#8221;4.9.4&#8243; _module_preset=&#8221;default&#8221; global_colors_info=&#8221;{}&#8221;][et_pb_text _builder_version=&#8221;4.9.4&#8243; _module_preset=&#8221;default&#8221; global_colors_info=&#8221;{}&#8221;]Prvn\u00ed ro\u010dn\u00edk \u201cJeron\u00fdmov\u00fdch dn\u016f\u201d \u2013 ka\u017edoro\u010dn\u00edho festivalu p\u0159edn\u00e1\u0161ek, besed a setk\u00e1n\u00ed na aktu\u00e1ln\u00ed t\u00e9mata pro \u0161irokou odbornou ve\u0159ejnost. Po\u0159\u00e1d\u00e1 JTP ve spolupr\u00e1ci se sestersk\u00fdmi organizacemi a  Evropskou komis\u00ed (DGT).[\/et_pb_text][\/et_pb_column][\/et_pb_row][et_pb_row column_structure=&#8221;1_4,3_4&#8243; admin_label=&#8221;1994&#8243; _builder_version=&#8221;4.9.4&#8243; _module_preset=&#8221;default&#8221; border_width_bottom=&#8221;1px&#8221; border_color_bottom=&#8221;#C1272D&#8221; collapsed=&#8221;off&#8221; global_colors_info=&#8221;{}&#8221;][et_pb_column type=&#8221;1_4&#8243; _builder_version=&#8221;4.9.2&#8243; _module_preset=&#8221;default&#8221; global_colors_info=&#8221;{}&#8221;][et_pb_text _builder_version=&#8221;4.9.7&#8243; _module_preset=&#8221;default&#8221; text_font=&#8221;|700|||||||&#8221; text_text_color=&#8221;#C1272D&#8221; text_orientation=&#8221;center&#8221; global_colors_info=&#8221;{}&#8221;]1994[\/et_pb_text][\/et_pb_column][et_pb_column type=&#8221;3_4&#8243; _builder_version=&#8221;4.9.4&#8243; _module_preset=&#8221;default&#8221; global_colors_info=&#8221;{}&#8221;][et_pb_text _builder_version=&#8221;4.9.4&#8243; _module_preset=&#8221;default&#8221; global_colors_info=&#8221;{}&#8221;]Prvn\u00ed ro\u010dn\u00edk sout\u011b\u017ee Slovn\u00edk roku.[\/et_pb_text][\/et_pb_column][\/et_pb_row][et_pb_row column_structure=&#8221;1_4,3_4&#8243; admin_label=&#8221;2004&#8243; _builder_version=&#8221;4.9.7&#8243; _module_preset=&#8221;default&#8221; border_width_bottom=&#8221;1px&#8221; border_color_bottom=&#8221;#C1272D&#8221; collapsed=&#8221;off&#8221; global_colors_info=&#8221;{}&#8221;][et_pb_column type=&#8221;1_4&#8243; _builder_version=&#8221;4.9.2&#8243; _module_preset=&#8221;default&#8221; global_colors_info=&#8221;{}&#8221;][et_pb_text _builder_version=&#8221;4.9.7&#8243; _module_preset=&#8221;default&#8221; text_font=&#8221;|700|||||||&#8221; text_text_color=&#8221;#C1272D&#8221; text_orientation=&#8221;center&#8221; global_colors_info=&#8221;{}&#8221;]2004[\/et_pb_text][\/et_pb_column][et_pb_column type=&#8221;3_4&#8243; _builder_version=&#8221;4.9.4&#8243; _module_preset=&#8221;default&#8221; global_colors_info=&#8221;{}&#8221;][et_pb_text _builder_version=&#8221;4.9.4&#8243; _module_preset=&#8221;default&#8221; global_colors_info=&#8221;{}&#8221;]Sekce soudn\u00edch tlumo\u010dn\u00edk\u016f JTP na Slovensku se pod\u00edlela na vypracov\u00e1n\u00ed nov\u00e9ho Z\u00e1kona o znalcoch a tlmo\u010dn\u00edkoch a prekladate\u013eoch na Slovensku.[\/et_pb_text][\/et_pb_column][\/et_pb_row][et_pb_row column_structure=&#8221;1_4,3_4&#8243; admin_label=&#8221;2007&#8243; _builder_version=&#8221;4.9.4&#8243; _module_preset=&#8221;default&#8221; border_width_bottom=&#8221;1px&#8221; border_color_bottom=&#8221;#C1272D&#8221; collapsed=&#8221;off&#8221; global_colors_info=&#8221;{}&#8221;][et_pb_column type=&#8221;1_4&#8243; _builder_version=&#8221;4.9.2&#8243; _module_preset=&#8221;default&#8221; global_colors_info=&#8221;{}&#8221;][et_pb_text _builder_version=&#8221;4.9.7&#8243; _module_preset=&#8221;default&#8221; text_font=&#8221;|700|||||||&#8221; text_text_color=&#8221;#C1272D&#8221; text_orientation=&#8221;center&#8221; global_colors_info=&#8221;{}&#8221;]2007[\/et_pb_text][\/et_pb_column][et_pb_column type=&#8221;3_4&#8243; _builder_version=&#8221;4.9.4&#8243; _module_preset=&#8221;default&#8221; global_colors_info=&#8221;{}&#8221;][et_pb_text _builder_version=&#8221;4.9.4&#8243; _module_preset=&#8221;default&#8221; global_colors_info=&#8221;{}&#8221;]Asociace konferen\u010dn\u00edch tlumo\u010dn\u00edk\u016f (ASKOT) se stala p\u0159idru\u017een\u00fdm \u010dlenem JTP.[\/et_pb_text][\/et_pb_column][\/et_pb_row][et_pb_row column_structure=&#8221;1_4,3_4&#8243; admin_label=&#8221;2011&#8243; _builder_version=&#8221;4.9.4&#8243; _module_preset=&#8221;default&#8221; border_width_bottom=&#8221;1px&#8221; border_color_bottom=&#8221;#C1272D&#8221; collapsed=&#8221;off&#8221; global_colors_info=&#8221;{}&#8221;][et_pb_column type=&#8221;1_4&#8243; _builder_version=&#8221;4.9.2&#8243; _module_preset=&#8221;default&#8221; global_colors_info=&#8221;{}&#8221;][et_pb_text _builder_version=&#8221;4.9.7&#8243; _module_preset=&#8221;default&#8221; text_font=&#8221;|700|||||||&#8221; text_text_color=&#8221;#C1272D&#8221; text_orientation=&#8221;center&#8221; global_colors_info=&#8221;{}&#8221;]2011[\/et_pb_text][\/et_pb_column][et_pb_column type=&#8221;3_4&#8243; _builder_version=&#8221;4.9.4&#8243; _module_preset=&#8221;default&#8221; global_colors_info=&#8221;{}&#8221;][et_pb_text _builder_version=&#8221;4.9.4&#8243; _module_preset=&#8221;default&#8221; global_colors_info=&#8221;{}&#8221;]Prvn\u00ed ro\u010dn\u00edk \u201eMlad\u00e9ho Jeron\u00fdma\u201c pro za\u010d\u00ednaj\u00edc\u00ed p\u0159ekladatele a tlumo\u010dn\u00edky.[\/et_pb_text][\/et_pb_column][\/et_pb_row][et_pb_row column_structure=&#8221;1_4,3_4&#8243; admin_label=&#8221;2013&#8243; _builder_version=&#8221;4.9.4&#8243; _module_preset=&#8221;default&#8221; border_width_bottom=&#8221;1px&#8221; border_color_bottom=&#8221;#C1272D&#8221; collapsed=&#8221;off&#8221; global_colors_info=&#8221;{}&#8221;][et_pb_column type=&#8221;1_4&#8243; _builder_version=&#8221;4.9.2&#8243; _module_preset=&#8221;default&#8221; global_colors_info=&#8221;{}&#8221;][et_pb_text _builder_version=&#8221;4.9.7&#8243; _module_preset=&#8221;default&#8221; text_font=&#8221;|700|||||||&#8221; text_text_color=&#8221;#C1272D&#8221; text_orientation=&#8221;center&#8221; global_colors_info=&#8221;{}&#8221;]2013[\/et_pb_text][\/et_pb_column][et_pb_column type=&#8221;3_4&#8243; _builder_version=&#8221;4.9.4&#8243; _module_preset=&#8221;default&#8221; global_colors_info=&#8221;{}&#8221;][et_pb_text _builder_version=&#8221;4.9.4&#8243; _module_preset=&#8221;default&#8221; global_colors_info=&#8221;{}&#8221;]\u010cesk\u00e1 komora tlumo\u010dn\u00edk\u016f znakov\u00e9ho jazyka (\u010cKTZJ) se stala p\u0159idru\u017een\u00fdm \u010dlenem JTP.[\/et_pb_text][\/et_pb_column][\/et_pb_row][et_pb_row column_structure=&#8221;1_4,3_4&#8243; admin_label=&#8221;2018&#8243; _builder_version=&#8221;4.9.4&#8243; _module_preset=&#8221;default&#8221; border_width_bottom=&#8221;1px&#8221; border_color_bottom=&#8221;#C1272D&#8221; collapsed=&#8221;off&#8221; global_colors_info=&#8221;{}&#8221;][et_pb_column type=&#8221;1_4&#8243; _builder_version=&#8221;4.9.2&#8243; _module_preset=&#8221;default&#8221; global_colors_info=&#8221;{}&#8221;][et_pb_text _builder_version=&#8221;4.9.7&#8243; _module_preset=&#8221;default&#8221; text_font=&#8221;|700|||||||&#8221; text_text_color=&#8221;#C1272D&#8221; text_orientation=&#8221;center&#8221; global_colors_info=&#8221;{}&#8221;]2018[\/et_pb_text][\/et_pb_column][et_pb_column type=&#8221;3_4&#8243; _builder_version=&#8221;4.9.4&#8243; _module_preset=&#8221;default&#8221; global_colors_info=&#8221;{}&#8221;][et_pb_text _builder_version=&#8221;4.9.4&#8243; _module_preset=&#8221;default&#8221; global_colors_info=&#8221;{}&#8221;]Prvn\u00ed ro\u010dn\u00edk sout\u011b\u017ee o Cenu za nejlep\u0161\u00ed diplomovou a bakal\u00e1\u0159skou pr\u00e1ci z oboru translatologie.[\/et_pb_text][\/et_pb_column][\/et_pb_row][et_pb_row column_structure=&#8221;1_4,3_4&#8243; admin_label=&#8221;2019&#8243; _builder_version=&#8221;4.9.4&#8243; _module_preset=&#8221;default&#8221; border_width_bottom=&#8221;1px&#8221; border_color_bottom=&#8221;#C1272D&#8221; collapsed=&#8221;off&#8221; global_colors_info=&#8221;{}&#8221;][et_pb_column type=&#8221;1_4&#8243; _builder_version=&#8221;4.9.2&#8243; _module_preset=&#8221;default&#8221; global_colors_info=&#8221;{}&#8221;][et_pb_text _builder_version=&#8221;4.9.7&#8243; _module_preset=&#8221;default&#8221; text_font=&#8221;|700|||||||&#8221; text_text_color=&#8221;#C1272D&#8221; text_orientation=&#8221;center&#8221; global_colors_info=&#8221;{}&#8221;]2019[\/et_pb_text][\/et_pb_column][et_pb_column type=&#8221;3_4&#8243; _builder_version=&#8221;4.9.4&#8243; _module_preset=&#8221;default&#8221; global_colors_info=&#8221;{}&#8221;][et_pb_text _builder_version=&#8221;4.9.4&#8243; _module_preset=&#8221;default&#8221; global_colors_info=&#8221;{}&#8221;]Zapojuje se do \u010dinnosti Pracovn\u00ed skupiny soudn\u00edch tlumo\u010dn\u00edk\u016f pro legislativu v souvislosti s projedn\u00e1v\u00e1n\u00edm nov\u00e9ho z\u00e1kona a vyhl\u00e1\u0161ek upravuj\u00edc\u00edch \u010dinnost soudn\u00edch tlumo\u010dn\u00edk\u016f a p\u0159ekladatel\u016f v \u010cesku.[\/et_pb_text][\/et_pb_column][\/et_pb_row][et_pb_row column_structure=&#8221;1_4,3_4&#8243; admin_label=&#8221;2020&#8243; _builder_version=&#8221;4.9.4&#8243; _module_preset=&#8221;default&#8221; border_color_bottom=&#8221;#C1272D&#8221; collapsed=&#8221;off&#8221; global_colors_info=&#8221;{}&#8221;][et_pb_column type=&#8221;1_4&#8243; _builder_version=&#8221;4.9.2&#8243; _module_preset=&#8221;default&#8221; global_colors_info=&#8221;{}&#8221;][et_pb_text _builder_version=&#8221;4.9.7&#8243; _module_preset=&#8221;default&#8221; text_font=&#8221;|700|||||||&#8221; text_text_color=&#8221;#C1272D&#8221; text_orientation=&#8221;center&#8221; global_colors_info=&#8221;{}&#8221;]2020[\/et_pb_text][\/et_pb_column][et_pb_column type=&#8221;3_4&#8243; _builder_version=&#8221;4.9.4&#8243; _module_preset=&#8221;default&#8221; global_colors_info=&#8221;{}&#8221;][et_pb_text _builder_version=&#8221;4.9.4&#8243; _module_preset=&#8221;default&#8221; global_colors_info=&#8221;{}&#8221;]St\u00e1v\u00e1 se \u010dlenem AudioVisual Translators Europe (AVTE).[\/et_pb_text][\/et_pb_column][\/et_pb_row][et_pb_row admin_label=&#8221;30 let Jednoty tlumo\u010dn\u00edk\u016f a p\u0159ekladatel\u016f&#8221; _builder_version=&#8221;4.9.4&#8243; _module_preset=&#8221;default&#8221; global_colors_info=&#8221;{}&#8221;][et_pb_column type=&#8221;4_4&#8243; _builder_version=&#8221;4.9.4&#8243; _module_preset=&#8221;default&#8221; global_colors_info=&#8221;{}&#8221;][et_pb_cta title=&#8221;30 let Jednoty tlumo\u010dn\u00edk\u016f a p\u0159ekladatel\u016f&#8221; button_url=&#8221;@ET-DC@eyJkeW5hbWljIjp0cnVlLCJjb250ZW50IjoicG9zdF9saW5rX3VybF9wcm9kdWN0Iiwic2V0dGluZ3MiOnsicG9zdF9pZCI6Ijk4OCJ9fQ==@&#8221; button_text=&#8221;Objednejte si sv\u016fj v\u00fdtisk&#8221; _builder_version=&#8221;4.9.10&#8243; _dynamic_attributes=&#8221;button_url,link_option_url&#8221; _module_preset=&#8221;default&#8221; use_background_color=&#8221;off&#8221; background_layout=&#8221;light&#8221; custom_padding=&#8221;20px|20px|20px|20px|true|true&#8221; link_option_url=&#8221;@ET-DC@eyJkeW5hbWljIjp0cnVlLCJjb250ZW50IjoicG9zdF9saW5rX3VybF9wcm9kdWN0Iiwic2V0dGluZ3MiOnsicG9zdF9pZCI6Ijk4OCJ9fQ==@&#8221; border_radii=&#8221;on|10px|10px|10px|10px&#8221; border_width_all=&#8221;1px&#8221; border_color_all=&#8221;#2C3E50&#8243; box_shadow_style=&#8221;preset3&#8243; global_colors_info=&#8221;{}&#8221;]<\/p>\n<p>Na 80 stran\u00e1ch naleznete mimo v\u00fd\u0161e uveden\u00e9ho t\u00e9\u017e chronologick\u00fd p\u0159ehled vzd\u011bl\u00e1vac\u00edch akc\u00ed, publika\u010dn\u00ed \u010dinnosti, sout\u011b\u017ee Slovn\u00edk roku a \u00fa\u010dasti na veletrz\u00edch Sv\u011bt knihy, dabingov\u00e9 sout\u011b\u017ee o cenu Franti\u0161ka Filipovsk\u00e9ho, v\u00fdlet\u016f a v\u00fdjezdn\u00edch zased\u00e1n\u00ed, vzd\u011bl\u00e1vac\u00edch akc\u00ed Jeron\u00fdmovy dny a Mlad\u00fd Jeron\u00fdm aj. Jednotliv\u00e9 kapitoly jsou doprov\u00e1zeny fotodokumentac\u00ed.<\/p>\n<p>[\/et_pb_cta][\/et_pb_column][\/et_pb_row][\/et_pb_section]<\/p>\n","protected":false},"excerpt":{"rendered":"<p>Historie[seopress_breadcrumbs] 1990JTP ustavena 8. dubna jako nez\u00e1visl\u00e1, otev\u0159en\u00e1, dobrovoln\u00e1, profesn\u00ed organizace profesion\u00e1ln\u00edch tlumo\u010dn\u00edk\u016f a p\u0159ekladatel\u016f.1990Za\u010d\u00edn\u00e1 vyd\u00e1vat ToP (tlumo\u010den\u00ed-p\u0159eklad), dosud jedin\u00fd odborn\u00fd \u010dasopis o tlumo\u010den\u00ed a p\u0159ekladu na trhu. Postupn\u011b vydala \u0159adu kr\u00e1tk\u00fdch p\u0159\u00edru\u010dek pro lep\u0161\u00ed orientaci z\u00e1kazn\u00edk\u016f v oblasti p\u0159ekladu a tlumo\u010den\u00ed.1990 a\u017e 2016Vyd\u00e1v\u00e1 Doporu\u010den\u00e9 minim\u00e1ln\u00ed tarify za p\u0159eklad a tlumo\u010den\u00ed, kter\u00e9 p\u0159isp\u011bly k postupn\u00e9mu r\u016fstu odm\u011bn na dne\u0161n\u00ed \u00farove\u0148.1990vyd\u00e1v\u00e1 prvn\u00ed Doporu\u010den\u00e9 smluvn\u00ed podm\u00ednky, kter\u00e9 mimo jin\u00e9 zkr\u00e1t\u00ed pracovn\u00ed dobu tlumo\u010dn\u00edka z 10 na 8 hodin denn\u011b.1991 a\u017e 1998Po\u0159\u00e1d\u00e1 s\u00e9rii Setk\u00e1n\u00ed tlumo\u010dn\u00edk\u016f a p\u0159ekladatel\u016f ze St\u0159edn\u00ed a V\u00fdchodn\u00ed Evropy (Bratislava, Budmerice, P\u00edsek).1993St\u00e1v\u00e1 se \u010dlenem Mezin\u00e1rodn\u00ed federace p\u0159ekladatel\u016f (FIT).1994Prvn\u00ed ro\u010dn\u00edk \u201cJeron\u00fdmov\u00fdch dn\u016f\u201d \u2013 ka\u017edoro\u010dn\u00edho festivalu p\u0159edn\u00e1\u0161ek, besed a setk\u00e1n\u00ed na aktu\u00e1ln\u00ed t\u00e9mata pro \u0161irokou odbornou ve\u0159ejnost. Po\u0159\u00e1d\u00e1 JTP ve spolupr\u00e1ci se sestersk\u00fdmi organizacemi a Evropskou komis\u00ed (DGT).1994Prvn\u00ed ro\u010dn\u00edk sout\u011b\u017ee Slovn\u00edk roku.2004Sekce soudn\u00edch tlumo\u010dn\u00edk\u016f JTP na Slovensku se pod\u00edlela na vypracov\u00e1n\u00ed nov\u00e9ho Z\u00e1kona o znalcoch a tlmo\u010dn\u00edkoch a prekladate\u013eoch na Slovensku.2007Asociace konferen\u010dn\u00edch tlumo\u010dn\u00edk\u016f (ASKOT) se stala p\u0159idru\u017een\u00fdm \u010dlenem JTP.2011Prvn\u00ed ro\u010dn\u00edk \u201eMlad\u00e9ho Jeron\u00fdma\u201c pro za\u010d\u00ednaj\u00edc\u00ed p\u0159ekladatele a tlumo\u010dn\u00edky.2013\u010cesk\u00e1 komora tlumo\u010dn\u00edk\u016f znakov\u00e9ho jazyka (\u010cKTZJ) se stala p\u0159idru\u017een\u00fdm \u010dlenem JTP.2018Prvn\u00ed ro\u010dn\u00edk sout\u011b\u017ee o Cenu za nejlep\u0161\u00ed diplomovou a bakal\u00e1\u0159skou pr\u00e1ci z oboru translatologie.2019Zapojuje se do \u010dinnosti Pracovn\u00ed skupiny soudn\u00edch tlumo\u010dn\u00edk\u016f pro legislativu v souvislosti s [&hellip;]<\/p>\n","protected":false},"author":2,"featured_media":0,"parent":0,"menu_order":400,"comment_status":"closed","ping_status":"closed","template":"","meta":{"_acf_changed":false,"_seopress_robots_primary_cat":"","_seopress_titles_title":"","_seopress_titles_desc":"","_seopress_robots_index":"","_et_pb_use_builder":"on","_et_pb_old_content":"<!-- wp:divi\/placeholder \/-->","_et_gb_content_width":"","footnotes":""},"class_list":["post-54","page","type-page","status-publish","hentry"],"acf":[],"_links":{"self":[{"href":"http:\/\/dev.mrsdivi.com\/en\/wp-json\/wp\/v2\/pages\/54"}],"collection":[{"href":"http:\/\/dev.mrsdivi.com\/en\/wp-json\/wp\/v2\/pages"}],"about":[{"href":"http:\/\/dev.mrsdivi.com\/en\/wp-json\/wp\/v2\/types\/page"}],"author":[{"embeddable":true,"href":"http:\/\/dev.mrsdivi.com\/en\/wp-json\/wp\/v2\/users\/2"}],"replies":[{"embeddable":true,"href":"http:\/\/dev.mrsdivi.com\/en\/wp-json\/wp\/v2\/comments?post=54"}],"version-history":[{"count":5,"href":"http:\/\/dev.mrsdivi.com\/en\/wp-json\/wp\/v2\/pages\/54\/revisions"}],"predecessor-version":[{"id":2335,"href":"http:\/\/dev.mrsdivi.com\/en\/wp-json\/wp\/v2\/pages\/54\/revisions\/2335"}],"wp:attachment":[{"href":"http:\/\/dev.mrsdivi.com\/en\/wp-json\/wp\/v2\/media?parent=54"}],"curies":[{"name":"wp","href":"https:\/\/api.w.org\/{rel}","templated":true}]}}