{"id":74,"date":"2020-10-19T00:21:16","date_gmt":"2020-10-18T22:21:16","guid":{"rendered":"http:\/\/dev.mrsdivi.com\/?page_id=74"},"modified":"2021-11-18T11:53:15","modified_gmt":"2021-11-18T10:53:15","slug":"prezencni","status":"publish","type":"page","link":"http:\/\/dev.mrsdivi.com\/en\/prezencni\/","title":{"rendered":"Prezen\u010dn\u00ed"},"content":{"rendered":"<p>[et_pb_section fb_built=&#8221;1&#8243; admin_label=&#8221;section&#8221; _builder_version=&#8221;4.8.2&#8243; background_color=&#8221;#2C3E50&#8243; global_colors_info=&#8221;{}&#8221;][et_pb_row admin_label=&#8221;row&#8221; _builder_version=&#8221;3.25&#8243; global_colors_info=&#8221;{}&#8221;][et_pb_column type=&#8221;4_4&#8243; _builder_version=&#8221;3.25&#8243; custom_padding=&#8221;|20px|||false|false&#8221; custom_padding_tablet=&#8221;|0px|||false|false&#8221; custom_padding_phone=&#8221;&#8221; custom_padding_last_edited=&#8221;on|tablet&#8221; border_width_right=&#8221;2px&#8221; border_color_right=&#8221;#2C3E50&#8243; border_width_all_tablet=&#8221;&#8221; border_width_all_phone=&#8221;&#8221; border_width_all_last_edited=&#8221;on|tablet&#8221; border_width_right_tablet=&#8221;0px&#8221; border_width_right_phone=&#8221;&#8221; border_width_right_last_edited=&#8221;on|tablet&#8221; global_colors_info=&#8221;{}&#8221; custom_padding__hover=&#8221;|||&#8221;][et_pb_text admin_label=&#8221;Text&#8221; _builder_version=&#8221;4.9.7&#8243; _dynamic_attributes=&#8221;content&#8221; header_text_color=&#8221;#FFFFFF&#8221; background_size=&#8221;initial&#8221; background_position=&#8221;top_left&#8221; background_repeat=&#8221;repeat&#8221; custom_margin=&#8221;||0px||false|false&#8221; custom_padding=&#8221;||0px||false|false&#8221; global_colors_info=&#8221;{}&#8221;]@ET-DC@eyJkeW5hbWljIjp0cnVlLCJjb250ZW50IjoicG9zdF90aXRsZSIsInNldHRpbmdzIjp7ImJlZm9yZSI6IjxoMT4iLCJhZnRlciI6IjwvaDE+In19@[\/et_pb_text][et_pb_text _builder_version=&#8221;4.9.7&#8243; _module_preset=&#8221;default&#8221; text_text_color=&#8221;#FFFFFF&#8221; link_text_color=&#8221;rgba(255,255,255,0.61)&#8221; custom_margin=&#8221;0px||||false|false&#8221; custom_padding=&#8221;0px||||false|false&#8221; global_module=&#8221;1281&#8243; saved_tabs=&#8221;all&#8221; global_colors_info=&#8221;{}&#8221;]<\/p>\n<p>[seopress_breadcrumbs]<\/p>\n<p>[\/et_pb_text][\/et_pb_column][\/et_pb_row][\/et_pb_section][et_pb_section fb_built=&#8221;1&#8243; admin_label=&#8221;FAQ&#8221; _builder_version=&#8221;4.7.0&#8243; box_shadow_style=&#8221;preset6&#8243; global_colors_info=&#8221;{}&#8221;][et_pb_row _builder_version=&#8221;3.25&#8243; custom_padding=&#8221;27px|0px|27px|0px|false|false&#8221; global_colors_info=&#8221;{}&#8221;][et_pb_column type=&#8221;4_4&#8243; _builder_version=&#8221;3.25&#8243; custom_padding=&#8221;|||&#8221; global_colors_info=&#8221;{}&#8221; custom_padding__hover=&#8221;|||&#8221;][et_pb_text _builder_version=&#8221;4.9.10&#8243; _module_preset=&#8221;default&#8221; global_colors_info=&#8221;{}&#8221;]<\/p>\n<h3>Pl\u00e1novan\u00e9 akce konan\u00e9 prezen\u010dn\u011b<\/h3>\n<p>[\/et_pb_text][decm_event_display use_current_loop=&#8221;on&#8221; show_feature_image=&#8221;off&#8221; show_time=&#8221;off&#8221; show_name=&#8221;off&#8221; show_price=&#8221;off&#8221; show_category=&#8221;off&#8221; show_weburl=&#8221;off&#8221; callout_date_format=&#8221;d.&#8221; callout_month_format=&#8221;m.&#8221; show_data_one_line=&#8221;off&#8221; event_count=&#8221;10&#8243; included_categories=&#8221;35&#8243; result_message=&#8221;V t\u00e9to kategorii nejsou \u017e\u00e1dn\u00e9 nadch\u00e1zej\u00edc\u00ed ud\u00e1losti.&#8221; layout=&#8221;list&#8221; event_inner_spacing=&#8221;20px||20px||true|false&#8221; view_more_text=&#8221;Podrobnosti&#8221; show_pagination=&#8221;on&#8221; pagination_type=&#8221;numeric_pagination&#8221; _builder_version=&#8221;4.13.1&#8243; _module_preset=&#8221;default&#8221; callout_date_text_color=&#8221;#2C3E50&#8243; callout_month_text_color=&#8221;#2C3E50&#8243; hover_enabled=&#8221;0&#8243; border_width_bottom_event_border=&#8221;1px&#8221; border_color_bottom_event_border=&#8221;#2C3E50&#8243; border_color_all_callout_border=&#8221;#2C3E50&#8243; global_colors_info=&#8221;{}&#8221; sticky_enabled=&#8221;0&#8243;][\/decm_event_display][\/et_pb_column][\/et_pb_row][\/et_pb_section]<\/p>\n","protected":false},"excerpt":{"rendered":"<p>[seopress_breadcrumbs] Pl\u00e1novan\u00e9 akce konan\u00e9 prezen\u010dn\u011b<div class=\"et_pb_with_border et_pb_module decm_event_display decm_event_display_0\">\n\t\t\t\t\n\t\t\t\t\n\t\t\t\t\n\t\t\t\t\n\t\t\t\t\n\t\t\t\t\n\t\t\t\t<div class=\"et_pb_module_inner\">\n\t\t\t\t\tDivi Events Calendar requires The Events Calendar to be installed and active.\n\t\t\t\t<\/div>\n\t\t\t<\/div><\/p>\n","protected":false},"author":2,"featured_media":0,"parent":0,"menu_order":1400,"comment_status":"closed","ping_status":"closed","template":"","meta":{"_acf_changed":false,"_seopress_robots_primary_cat":"","_seopress_titles_title":"","_seopress_titles_desc":"","_seopress_robots_index":"","_et_pb_use_builder":"on","_et_pb_old_content":"<!-- wp:divi\/placeholder \/-->","_et_gb_content_width":"","footnotes":""},"class_list":["post-74","page","type-page","status-publish","hentry"],"acf":[],"_links":{"self":[{"href":"http:\/\/dev.mrsdivi.com\/en\/wp-json\/wp\/v2\/pages\/74"}],"collection":[{"href":"http:\/\/dev.mrsdivi.com\/en\/wp-json\/wp\/v2\/pages"}],"about":[{"href":"http:\/\/dev.mrsdivi.com\/en\/wp-json\/wp\/v2\/types\/page"}],"author":[{"embeddable":true,"href":"http:\/\/dev.mrsdivi.com\/en\/wp-json\/wp\/v2\/users\/2"}],"replies":[{"embeddable":true,"href":"http:\/\/dev.mrsdivi.com\/en\/wp-json\/wp\/v2\/comments?post=74"}],"version-history":[{"count":5,"href":"http:\/\/dev.mrsdivi.com\/en\/wp-json\/wp\/v2\/pages\/74\/revisions"}],"predecessor-version":[{"id":3099,"href":"http:\/\/dev.mrsdivi.com\/en\/wp-json\/wp\/v2\/pages\/74\/revisions\/3099"}],"wp:attachment":[{"href":"http:\/\/dev.mrsdivi.com\/en\/wp-json\/wp\/v2\/media?parent=74"}],"curies":[{"name":"wp","href":"https:\/\/api.w.org\/{rel}","templated":true}]}}