{"id":88,"date":"2020-10-19T00:24:46","date_gmt":"2020-10-18T22:24:46","guid":{"rendered":"http:\/\/dev.mrsdivi.com\/?page_id=88"},"modified":"2022-02-10T11:35:42","modified_gmt":"2022-02-10T10:35:42","slug":"caste-dotazy","status":"publish","type":"page","link":"http:\/\/dev.mrsdivi.com\/en\/caste-dotazy\/","title":{"rendered":"\u010cast\u00e9 dotazy"},"content":{"rendered":"<p>[et_pb_section fb_built=&#8221;1&#8243; admin_label=&#8221;section&#8221; _builder_version=&#8221;4.8.2&#8243; background_color=&#8221;#2C3E50&#8243; global_colors_info=&#8221;{}&#8221;][et_pb_row admin_label=&#8221;row&#8221; _builder_version=&#8221;3.25&#8243; global_colors_info=&#8221;{}&#8221;][et_pb_column type=&#8221;4_4&#8243; _builder_version=&#8221;3.25&#8243; custom_padding=&#8221;|20px|||false|false&#8221; custom_padding_tablet=&#8221;|0px|||false|false&#8221; custom_padding_phone=&#8221;&#8221; custom_padding_last_edited=&#8221;on|tablet&#8221; border_width_right=&#8221;2px&#8221; border_color_right=&#8221;#2C3E50&#8243; border_width_all_tablet=&#8221;&#8221; border_width_all_phone=&#8221;&#8221; border_width_all_last_edited=&#8221;on|tablet&#8221; border_width_right_tablet=&#8221;0px&#8221; border_width_right_phone=&#8221;&#8221; border_width_right_last_edited=&#8221;on|tablet&#8221; global_colors_info=&#8221;{}&#8221; custom_padding__hover=&#8221;|||&#8221;][et_pb_text admin_label=&#8221;Text&#8221; _builder_version=&#8221;4.9.7&#8243; _dynamic_attributes=&#8221;content&#8221; header_text_color=&#8221;#FFFFFF&#8221; background_size=&#8221;initial&#8221; background_position=&#8221;top_left&#8221; background_repeat=&#8221;repeat&#8221; custom_margin=&#8221;||0px||false|false&#8221; custom_padding=&#8221;||0px||false|false&#8221; global_colors_info=&#8221;{}&#8221;]@ET-DC@eyJkeW5hbWljIjp0cnVlLCJjb250ZW50IjoicG9zdF90aXRsZSIsInNldHRpbmdzIjp7ImJlZm9yZSI6IjxoMT4iLCJhZnRlciI6IjwvaDE+In19@[\/et_pb_text][et_pb_text _builder_version=&#8221;4.9.7&#8243; _module_preset=&#8221;default&#8221; text_text_color=&#8221;#FFFFFF&#8221; link_text_color=&#8221;rgba(255,255,255,0.61)&#8221; custom_margin=&#8221;0px||||false|false&#8221; custom_padding=&#8221;0px||||false|false&#8221; global_module=&#8221;1281&#8243; saved_tabs=&#8221;all&#8221; global_colors_info=&#8221;{}&#8221;]<\/p>\n<p>[seopress_breadcrumbs]<\/p>\n<p>[\/et_pb_text][\/et_pb_column][\/et_pb_row][\/et_pb_section][et_pb_section fb_built=&#8221;1&#8243; admin_label=&#8221;FAQ&#8221; _builder_version=&#8221;4.7.0&#8243; box_shadow_style=&#8221;preset6&#8243; global_colors_info=&#8221;{}&#8221;][et_pb_row use_custom_gutter=&#8221;on&#8221; _builder_version=&#8221;3.25&#8243; global_colors_info=&#8221;{}&#8221;][et_pb_column type=&#8221;4_4&#8243; _builder_version=&#8221;3.25&#8243; custom_padding=&#8221;|||&#8221; global_colors_info=&#8221;{}&#8221; custom_padding__hover=&#8221;|||&#8221;][et_pb_text _builder_version=&#8221;4.9.7&#8243; _module_preset=&#8221;default&#8221; header_3_font=&#8221;|600|||||||&#8221; global_colors_info=&#8221;{}&#8221;]<\/p>\n<h3>Pokud si nejste n\u011b\u010d\u00edm jisti, mo\u017en\u00e1 najdete odpov\u011b\u010f zde, v \u010dasto kladen\u00fdch ot\u00e1zk\u00e1ch.<\/h3>\n<p>[\/et_pb_text][et_pb_toggle title=&#8221;Jak se mohu st\u00e1t \u010dlenem?&#8221; open=&#8221;on&#8221; open_toggle_text_color=&#8221;#c1272d&#8221; _builder_version=&#8221;4.9.4&#8243; global_colors_info=&#8221;{}&#8221;]<\/p>\n<p>Sta\u010d\u00ed vyplnit <a href=\"http:\/\/dev.mrsdivi.com\/clenstvi\/\">p\u0159ihl\u00e1\u0161ku<\/a> a p\u0159ilo\u017eit scan jak\u00e9hokoli dokladu o tom, \u017ee profesion\u00e1ln\u011b p\u0159ekl\u00e1d\u00e1te nebo tlumo\u010d\u00edte (\u017eivnostensk\u00fd list, pracovn\u00ed smlouvu, doklad o jmenov\u00e1n\u00ed soudn\u00edm tlumo\u010dn\u00edkem apod.)<\/p>\n<p>[\/et_pb_toggle][et_pb_toggle title=&#8221;Jak dlouho moje \u010dlenstv\u00ed trv\u00e1?&#8221; open_toggle_text_color=&#8221;#c1272d&#8221; _builder_version=&#8221;4.9.4&#8243; global_colors_info=&#8221;{}&#8221;]<\/p>\n<p>\u010clenstv\u00ed vznik\u00e1 okam\u017eikem zaplacen\u00ed \u010dlensk\u00e9ho p\u0159\u00edsp\u011bvku na dobu jednoho roku. Po uplynut\u00ed t\u00e9to lh\u016fty je t\u0159eba zaplatit dal\u0161\u00ed rok, jinak \u010dlenstv\u00ed zanik\u00e1.<\/p>\n<p>[\/et_pb_toggle][et_pb_toggle title=&#8221;Mohu p\u0159eru\u0161it \u010dlenstv\u00ed?&#8221; open_toggle_text_color=&#8221;#c1272d&#8221; _builder_version=&#8221;4.9.4&#8243; global_colors_info=&#8221;{}&#8221;]<\/p>\n<p>Institut p\u0159eru\u0161en\u00ed \u010dlenstv\u00ed nem\u00e1me, ale pokud po ur\u010dit\u00e9 pauze op\u011bt uhrad\u00edte \u010dlensk\u00fd p\u0159\u00edsp\u011bvek, va\u0161e \u010dlenstv\u00ed se obnov\u00ed. Pokud je d\u016fvodem p\u0159eru\u0161en\u00ed narozen\u00ed d\u00edt\u011bte, po\u0161lete n\u00e1m kopii rodn\u00e9ho listu a m\u00e1te \u010dlenstv\u00ed na rok zdarma. Pokud je d\u016fvodem t\u00ed\u017eiv\u00e1 finan\u010dn\u00ed situace, napi\u0161te n\u00e1m, budeme hledat \u0159e\u0161en\u00ed prost\u0159ednictv\u00edm soci\u00e1ln\u00edho fondu JTP.<\/p>\n<p>[\/et_pb_toggle][et_pb_toggle title=&#8221;Jak mohu ukon\u010dit \u010dlenstv\u00ed?&#8221; open_toggle_text_color=&#8221;#c1272d&#8221; _builder_version=&#8221;4.9.4&#8243; locked=&#8221;off&#8221; global_colors_info=&#8221;{}&#8221;]<\/p>\n<p>Nejl\u00e9pe, <a href=\"mailto:jtp@dev.mrsdivi.com\">kdy\u017e n\u00e1m nap\u00ed\u0161ete<\/a>. Jinak dle stanov \u010dlenstv\u00ed zanik\u00e1 \u00famrt\u00edm \u010dlena, vystoupen\u00edm nebo nezaplacen\u00edm \u010dlensk\u00e9ho p\u0159\u00edsp\u011bvku.<\/p>\n<p>[\/et_pb_toggle][et_pb_toggle title=&#8221;M\u016f\u017eete mi n\u011bco \u0159\u00edci o JTP?&#8221; open_toggle_text_color=&#8221;#c1272d&#8221; _builder_version=&#8221;4.9.4&#8243; global_colors_info=&#8221;{}&#8221;]<\/p>\n<p>Ve\u0161ker\u00e9 informace najdete v <a href=\"http:\/\/dev.mrsdivi.com\/historie\/\">Historii<\/a>.<\/p>\n<p>[\/et_pb_toggle][et_pb_toggle title=&#8221;Chci nab\u00eddnout \u010dl\u00e1nek do \u010dasopisu ToP(tlumo\u010den\u00ed-p\u0159eklad), na koho se m\u00e1m obr\u00e1tit?&#8221; open_toggle_text_color=&#8221;#c1272d&#8221; _builder_version=&#8221;4.9.4&#8243; global_colors_info=&#8221;{}&#8221;]<\/p>\n<p>Budeme r\u00e1di. Napi\u0161te n\u00e1m na <a href=\"mailto:JTP@JTPunion.org\">JTP@JTPunion.org<\/a>\u00a0a domluv\u00edme se na rozsahu a term\u00ednu uz\u00e1v\u011brky.<\/p>\n<p>[\/et_pb_toggle][et_pb_toggle title=&#8221;Chci uspo\u0159\u00e1dat \u0161kolen\u00ed. Co pro to m\u00e1m ud\u011blat?&#8221; open_toggle_text_color=&#8221;#c1272d&#8221; _builder_version=&#8221;4.9.4&#8243; global_colors_info=&#8221;{}&#8221;]<\/p>\n<p>Pokud m\u00e1te p\u0159ipraven\u00e9 \u0161kolen\u00ed na zaj\u00edmav\u00e9 t\u00e9ma, nebo zn\u00e1te \u0161kolitele, kter\u00e9ho chcete anga\u017eovat, napi\u0161te n\u00e1m na <a href=\"mailto:JTP@JTPunion.org\">JTP@JTPunion.org<\/a> a domluv\u00edme se na podrobnostech. JTP disponuje zasedac\u00edmi s\u00e1ly i vybaven\u00edm pro on-line \u0161kolen\u00ed, m\u016f\u017ee zajistit propagaci, honor\u00e1\u0159 pro \u0161kolitele i pro organiz\u00e1tora, v\u00fdhodn\u00e9 ubytov\u00e1n\u00ed pro \u0161kolitele i \u00fa\u010dastn\u00edky akce a podporu p\u0159i sestaven\u00ed pozv\u00e1nky, rozpo\u010dtu a logistiky.<\/p>\n<p>[\/et_pb_toggle][et_pb_toggle title=&#8221;M\u00e1m probl\u00e9m se sv\u00fdm profilem. Na koho se m\u00e1m obr\u00e1tit?&#8221; open_toggle_text_color=&#8221;#c1272d&#8221; _builder_version=&#8221;4.9.4&#8243; global_colors_info=&#8221;{}&#8221;]<\/p>\n<p>Napi\u0161te mail na <a href=\"mailto:podpora@dev.mrsdivi.com\">podpora@dev.mrsdivi.com<\/a> a vysv\u011btlete, co v\u00e1s zlob\u00ed.<\/p>\n<p>[\/et_pb_toggle][et_pb_toggle title=&#8221;M\u016f\u017eete mi vystavit fakturu na \u010dlensk\u00fd p\u0159\u00edsp\u011bvek, abych si ho mohl d\u00e1t do \u00fa\u010detnictv\u00ed?&#8221; open_toggle_text_color=&#8221;#c1272d&#8221; _builder_version=&#8221;4.9.7&#8243; global_colors_info=&#8221;{}&#8221;]<\/p>\n<p>\u010clensk\u00e9 p\u0159\u00edsp\u011bvky profesn\u00edch organizac\u00ed nejsou da\u0148ov\u00fdm p\u0159\u00edjmem, proto nemohou b\u00fdt ani da\u0148ov\u00fdm v\u00fddajem. Z toho d\u016fvodu nelze vystavit fakturu, ale m\u016f\u017eeme v\u00e1m poslat potvrzen\u00ed o zaplacen\u00ed.<\/p>\n<p>[\/et_pb_toggle][\/et_pb_column][\/et_pb_row][\/et_pb_section]<\/p>\n","protected":false},"excerpt":{"rendered":"<p>[seopress_breadcrumbs] Pokud si nejste n\u011b\u010d\u00edm jisti, mo\u017en\u00e1 najdete odpov\u011b\u010f zde, v \u010dasto kladen\u00fdch ot\u00e1zk\u00e1ch.Sta\u010d\u00ed vyplnit p\u0159ihl\u00e1\u0161ku a p\u0159ilo\u017eit scan jak\u00e9hokoli dokladu o tom, \u017ee profesion\u00e1ln\u011b p\u0159ekl\u00e1d\u00e1te nebo tlumo\u010d\u00edte (\u017eivnostensk\u00fd list, pracovn\u00ed smlouvu, doklad o jmenov\u00e1n\u00ed soudn\u00edm tlumo\u010dn\u00edkem apod.)\u010clenstv\u00ed vznik\u00e1 okam\u017eikem zaplacen\u00ed \u010dlensk\u00e9ho p\u0159\u00edsp\u011bvku na dobu jednoho roku. Po uplynut\u00ed t\u00e9to lh\u016fty je t\u0159eba zaplatit dal\u0161\u00ed rok, jinak \u010dlenstv\u00ed zanik\u00e1.Institut p\u0159eru\u0161en\u00ed \u010dlenstv\u00ed nem\u00e1me, ale pokud po ur\u010dit\u00e9 pauze op\u011bt uhrad\u00edte \u010dlensk\u00fd p\u0159\u00edsp\u011bvek, va\u0161e \u010dlenstv\u00ed se obnov\u00ed. Pokud je d\u016fvodem p\u0159eru\u0161en\u00ed narozen\u00ed d\u00edt\u011bte, po\u0161lete n\u00e1m kopii rodn\u00e9ho listu a m\u00e1te \u010dlenstv\u00ed na rok zdarma. Pokud je d\u016fvodem t\u00ed\u017eiv\u00e1 finan\u010dn\u00ed situace, napi\u0161te n\u00e1m, budeme hledat \u0159e\u0161en\u00ed prost\u0159ednictv\u00edm soci\u00e1ln\u00edho fondu JTP.Nejl\u00e9pe, kdy\u017e n\u00e1m nap\u00ed\u0161ete. Jinak dle stanov \u010dlenstv\u00ed zanik\u00e1 \u00famrt\u00edm \u010dlena, vystoupen\u00edm nebo nezaplacen\u00edm \u010dlensk\u00e9ho p\u0159\u00edsp\u011bvku.Ve\u0161ker\u00e9 informace najdete v Historii.Budeme r\u00e1di. Napi\u0161te n\u00e1m na JTP@JTPunion.org\u00a0a domluv\u00edme se na rozsahu a term\u00ednu uz\u00e1v\u011brky.Pokud m\u00e1te p\u0159ipraven\u00e9 \u0161kolen\u00ed na zaj\u00edmav\u00e9 t\u00e9ma, nebo zn\u00e1te \u0161kolitele, kter\u00e9ho chcete anga\u017eovat, napi\u0161te n\u00e1m na JTP@JTPunion.org a domluv\u00edme se na podrobnostech. JTP disponuje zasedac\u00edmi s\u00e1ly i vybaven\u00edm pro on-line \u0161kolen\u00ed, m\u016f\u017ee zajistit propagaci, honor\u00e1\u0159 pro \u0161kolitele i pro organiz\u00e1tora, v\u00fdhodn\u00e9 ubytov\u00e1n\u00ed pro \u0161kolitele i \u00fa\u010dastn\u00edky akce a podporu p\u0159i sestaven\u00ed pozv\u00e1nky, rozpo\u010dtu a logistiky.Napi\u0161te mail na podpora@dev.mrsdivi.com a vysv\u011btlete, co v\u00e1s zlob\u00ed.\u010clensk\u00e9 [&hellip;]<\/p>\n","protected":false},"author":2,"featured_media":0,"parent":0,"menu_order":1900,"comment_status":"closed","ping_status":"closed","template":"","meta":{"_acf_changed":false,"_seopress_robots_primary_cat":"","_seopress_titles_title":"","_seopress_titles_desc":"","_seopress_robots_index":"","_et_pb_use_builder":"on","_et_pb_old_content":"<!-- wp:heading -->\n<h2>Lorem ipsum dolor sit amet.<\/h2>\n<!-- \/wp:heading -->\n\n<!-- wp:paragraph -->\n<p>Consectetur adipiscing elit, sed do eiusmod tempor incididunt ut labore et dolore magna aliqua. Ut enim ad minim veniam, quis nostrud exercitation ullamco laboris nisi ut aliquip ex ea commodo consequat. Duis aute irure dolor in reprehenderit in voluptate velit esse cillum dolore eu fugiat nulla pariatur.&nbsp;<\/p>\n<!-- \/wp:paragraph -->\n\n<!-- wp:heading {\"level\":3} -->\n<h3>Lorem ipsum dolor sit amet. <\/h3>\n<!-- \/wp:heading -->\n\n<!-- wp:paragraph -->\n<p>Consectetur adipiscing elit, sed do eiusmod tempor incididunt ut labore et dolore magna aliqua. Ut enim ad minim veniam, quis nostrud exercitation ullamco laboris nisi ut aliquip ex ea commodo consequat. Duis aute irure dolor in reprehenderit in voluptate velit esse cillum dolore eu fugiat nulla pariatur.&nbsp;<\/p>\n<!-- \/wp:paragraph -->\n\n<!-- wp:paragraph -->\n<p>Lorem ipsum dolor sit amet, consectetur adipiscing elit, sed do eiusmod tempor incididunt ut labore et dolore magna aliqua. Ut enim ad minim veniam, quis nostrud exercitation ullamco laboris nisi ut aliquip ex ea commodo consequat. Duis aute irure dolor in reprehenderit in voluptate velit esse cillum dolore eu fugiat nulla pariatur.&nbsp;<\/p>\n<!-- \/wp:paragraph -->\n\n<!-- wp:list -->\n<ul><li>Lorem ipsum dolor sit amet, consectetur adipiscing elit<\/li><li>sed do eiusmod tempor incididunt ut labore et dolore magna aliqua<\/li><li>Ut enim ad minim veniam, quis nostrud exercitation ullamco laboris<\/li><li>nisi ut aliquip ex ea commodo consequat. Duis aute irure dolor <\/li><li>in reprehenderit in voluptate velit esse cillum dolore eu fugiat nulla pariatur.&nbsp;<\/li><\/ul>\n<!-- \/wp:list -->\n\n<!-- wp:paragraph -->\n<p>Lorem ipsum dolor sit amet, consectetur adipiscing elit, sed do eiusmod tempor incididunt ut labore et dolore magna aliqua. Ut enim ad minim veniam, quis nostrud exercitation ullamco laboris nisi ut aliquip ex ea commodo consequat. Duis aute irure dolor in reprehenderit in voluptate velit esse cillum dolore eu fugiat nulla pariatur.&nbsp;<\/p>\n<!-- \/wp:paragraph -->\n\n<!-- wp:paragraph -->\n<p>Lorem ipsum dolor sit amet, consectetur adipiscing elit, sed do eiusmod tempor incididunt ut labore et dolore magna aliqua. Ut enim ad minim veniam, quis nostrud exercitation ullamco laboris nisi ut aliquip ex ea commodo consequat. Duis aute irure dolor in reprehenderit in voluptate velit esse cillum dolore eu fugiat nulla pariatur.\u00a0<\/p>\n<!-- \/wp:paragraph -->\n\n<!-- wp:image {\"id\":255,\"sizeSlug\":\"large\"} -->\n<figure class=\"wp-block-image size-large\"><img src=\"http:\/\/dev.mrsdivi.com\/wp-content\/uploads\/2020\/11\/IoT.png\" alt=\"\" class=\"wp-image-255\"\/><\/figure>\n<!-- \/wp:image -->","_et_gb_content_width":"","footnotes":""},"class_list":["post-88","page","type-page","status-publish","hentry"],"acf":[],"_links":{"self":[{"href":"http:\/\/dev.mrsdivi.com\/en\/wp-json\/wp\/v2\/pages\/88"}],"collection":[{"href":"http:\/\/dev.mrsdivi.com\/en\/wp-json\/wp\/v2\/pages"}],"about":[{"href":"http:\/\/dev.mrsdivi.com\/en\/wp-json\/wp\/v2\/types\/page"}],"author":[{"embeddable":true,"href":"http:\/\/dev.mrsdivi.com\/en\/wp-json\/wp\/v2\/users\/2"}],"replies":[{"embeddable":true,"href":"http:\/\/dev.mrsdivi.com\/en\/wp-json\/wp\/v2\/comments?post=88"}],"version-history":[{"count":5,"href":"http:\/\/dev.mrsdivi.com\/en\/wp-json\/wp\/v2\/pages\/88\/revisions"}],"predecessor-version":[{"id":5097,"href":"http:\/\/dev.mrsdivi.com\/en\/wp-json\/wp\/v2\/pages\/88\/revisions\/5097"}],"wp:attachment":[{"href":"http:\/\/dev.mrsdivi.com\/en\/wp-json\/wp\/v2\/media?parent=88"}],"curies":[{"name":"wp","href":"https:\/\/api.w.org\/{rel}","templated":true}]}}